{"id":197,"date":"2019-08-02T11:36:55","date_gmt":"2019-08-02T11:36:55","guid":{"rendered":"http:\/\/ed.aislinthemes.com\/modern\/?page_id=1282"},"modified":"2024-01-13T09:38:48","modified_gmt":"2024-01-13T08:38:48","slug":"about-us","status":"publish","type":"page","link":"https:\/\/www.zsplotiste.cz\/?page_id=197","title":{"rendered":"About us"},"content":{"rendered":"\t\t<div data-elementor-type=\"wp-post\" data-elementor-id=\"197\" class=\"elementor elementor-197\">\n\t\t\t\t\t\t\t\t\t<section class=\"elementor-section elementor-top-section elementor-element elementor-element-2c313de0 elementor-section-stretched elementor-section-boxed elementor-section-height-default elementor-section-height-default\" data-id=\"2c313de0\" data-element_type=\"section\" data-settings=\"{&quot;stretch_section&quot;:&quot;section-stretched&quot;}\">\n\t\t\t\t\t\t<div class=\"elementor-container elementor-column-gap-no\">\n\t\t\t\t\t<div class=\"elementor-column elementor-col-50 elementor-top-column elementor-element elementor-element-794deae0\" data-id=\"794deae0\" data-element_type=\"column\">\n\t\t\t<div class=\"elementor-widget-wrap elementor-element-populated\">\n\t\t\t\t\t\t\t\t<div class=\"elementor-element elementor-element-a006f5d elementor-widget elementor-widget-heading\" data-id=\"a006f5d\" data-element_type=\"widget\" data-widget_type=\"heading.default\">\n\t\t\t\t<div class=\"elementor-widget-container\">\n\t\t\t<h1 class=\"elementor-heading-title elementor-size-default\">O na\u0161\u00ed \u0161kole<\/h1>\t\t<\/div>\n\t\t\t\t<\/div>\n\t\t\t\t<div class=\"elementor-element elementor-element-4f871d2 elementor-widget elementor-widget-text-editor\" data-id=\"4f871d2\" data-element_type=\"widget\" data-widget_type=\"text-editor.default\">\n\t\t\t\t<div class=\"elementor-widget-container\">\n\t\t\t\t\t\t\t<h4>P\u0159in\u00e1\u0161\u00edme V\u00e1m p\u0159ed\u0161koln\u00ed vzd\u011bl\u00e1v\u00e1n\u00ed, z\u00e1kladn\u00ed vzd\u011bl\u00e1v\u00e1n\u00ed, z\u00e1jmov\u00e9 vzd\u011bl\u00e1v\u00e1n\u00ed, sportovn\u00ed a um\u011bleck\u00e9 krou\u017eky, \u0161koln\u00ed a z\u00e1vodn\u00ed stravov\u00e1n\u00ed.<\/h4>\t\t\t\t\t\t<\/div>\n\t\t\t\t<\/div>\n\t\t\t\t\t<\/div>\n\t\t<\/div>\n\t\t\t\t<div class=\"elementor-column elementor-col-50 elementor-top-column elementor-element elementor-element-419ad90f\" data-id=\"419ad90f\" data-element_type=\"column\">\n\t\t\t<div class=\"elementor-widget-wrap elementor-element-populated\">\n\t\t\t\t\t\t\t\t<div class=\"elementor-element elementor-element-9a9ea4a elementor-widget elementor-widget-text-editor\" data-id=\"9a9ea4a\" data-element_type=\"widget\" data-widget_type=\"text-editor.default\">\n\t\t\t\t<div class=\"elementor-widget-container\">\n\t\t\t\t\t\t\t<p>\u0160kola se nach\u00e1z\u00ed v klidn\u00e9 \u010d\u00e1sti Hradce Kr\u00e1lov\u00e9 \u2013 Ploti\u0161t\u00edch, v dosahu m\u011bstsk\u00e9 dopravy. Skl\u00e1d\u00e1 se ze t\u0159\u00ed budov. Na hlavn\u00ed budov\u011b Jih je um\u00edst\u011bno t\u0159in\u00e1ct t\u0159\u00edd Z\u0160 a \u0159editelstv\u00ed \u0161koly. U hlavn\u00ed budovy je modern\u00ed \u0161koln\u00ed h\u0159i\u0161t\u011b, kter\u00e9 slou\u017e\u00ed i \u0161irok\u00e9 ve\u0159ejnosti. Na severn\u00ed budov\u011b jsou \u010dty\u0159i t\u0159\u00eddy M\u0160 se sto dvan\u00e1cti d\u011btmi, k budov\u011b pat\u0159\u00ed nov\u011b zrekonstruovan\u00e9 d\u011btsk\u00e9 h\u0159i\u0161t\u011b. Sou\u010d\u00e1st\u00ed cel\u00e9ho za\u0159\u00edzen\u00ed je tak\u00e9 mate\u0159sk\u00e1 \u0161kola Pl\u00e1cky, kterou nav\u0161t\u011bvuje t\u0159icet d\u011bt\u00ed. Tato mate\u0159sk\u00e1 \u0161kola je zam\u011b\u0159ena na environment\u00e1ln\u00ed v\u00fdchovu. Na z\u00e1kladn\u00ed \u0161kole funguj\u00ed t\u0159i odd\u011blen\u00ed \u0161koln\u00ed dru\u017einy a velk\u00e9 mno\u017estv\u00ed z\u00e1jmov\u00fdch krou\u017ek\u016f. Kurikul\u00e1rn\u00edm dokumentem je \u0160VP pod n\u00e1zvem \u201e\u0160kola, d\u00edlna lidskosti\u201c.<br \/><br \/>Mezi hlavn\u00ed priority \u0161koly pat\u0159\u00ed klidn\u00e9 prost\u0159ed\u00ed rodinn\u00e9ho typu. Velk\u00fd d\u016fraz je kladen na z\u00e1jmov\u00e9 vzd\u011bl\u00e1v\u00e1n\u00ed \u017e\u00e1k\u016f, p\u0159edev\u0161\u00edm na sportovn\u00ed a v\u00fdtvarn\u00e9 \u010dinnosti. Na\u0161e \u0161kola z\u00edskala titul Volejbalov\u00e1 \u0161kola.<\/p>\t\t\t\t\t\t<\/div>\n\t\t\t\t<\/div>\n\t\t\t\t\t<\/div>\n\t\t<\/div>\n\t\t\t\t\t\t\t<\/div>\n\t\t<\/section>\n\t\t\t\t<section class=\"elementor-section elementor-top-section elementor-element elementor-element-cbcc07a elementor-section-stretched elementor-section-boxed elementor-section-height-default elementor-section-height-default\" data-id=\"cbcc07a\" data-element_type=\"section\" data-settings=\"{&quot;stretch_section&quot;:&quot;section-stretched&quot;}\">\n\t\t\t\t\t\t<div class=\"elementor-container elementor-column-gap-wider\">\n\t\t\t\t\t<div class=\"elementor-column elementor-col-25 elementor-top-column elementor-element elementor-element-7a8c3594\" data-id=\"7a8c3594\" data-element_type=\"column\" data-settings=\"{&quot;background_background&quot;:&quot;classic&quot;}\">\n\t\t\t<div class=\"elementor-widget-wrap elementor-element-populated\">\n\t\t\t\t\t\t\t\t<div class=\"elementor-element elementor-element-6b576329 elementor-shape-square elementor-position-left elementor-view-stacked elementor-mobile-position-top elementor-vertical-align-top elementor-widget elementor-widget-icon-box\" data-id=\"6b576329\" data-element_type=\"widget\" data-widget_type=\"icon-box.default\">\n\t\t\t\t<div class=\"elementor-widget-container\">\n\t\t\t\t\t<div class=\"elementor-icon-box-wrapper\">\n\t\t\t\t\t\t<div class=\"elementor-icon-box-icon\">\n\t\t\t\t<span  class=\"elementor-icon elementor-animation-\">\n\t\t\t\t<i aria-hidden=\"true\" class=\"far fa-calendar-alt\"><\/i>\t\t\t\t<\/span>\n\t\t\t<\/div>\n\t\t\t\t\t\t<div class=\"elementor-icon-box-content\">\n\t\t\t\t<h3 class=\"elementor-icon-box-title\">\n\t\t\t\t\t<span  >\n\t\t\t\t\t\t92\t\t\t\t\t<\/span>\n\t\t\t\t<\/h3>\n\t\t\t\t\t\t\t\t\t<p class=\"elementor-icon-box-description\">\n\t\t\t\t\t\tLET ZKU\u0160ENOST\u00cd\t\t\t\t\t<\/p>\n\t\t\t\t\t\t\t<\/div>\n\t\t<\/div>\n\t\t\t\t<\/div>\n\t\t\t\t<\/div>\n\t\t\t\t<div class=\"elementor-element elementor-element-59da0b5b elementor-widget-divider--view-line elementor-widget elementor-widget-divider\" data-id=\"59da0b5b\" data-element_type=\"widget\" data-widget_type=\"divider.default\">\n\t\t\t\t<div class=\"elementor-widget-container\">\n\t\t\t\t\t<div class=\"elementor-divider\">\n\t\t\t<span class=\"elementor-divider-separator\">\n\t\t\t\t\t\t<\/span>\n\t\t<\/div>\n\t\t\t\t<\/div>\n\t\t\t\t<\/div>\n\t\t\t\t\t<\/div>\n\t\t<\/div>\n\t\t\t\t<div class=\"elementor-column elementor-col-25 elementor-top-column elementor-element elementor-element-d745484\" data-id=\"d745484\" data-element_type=\"column\" data-settings=\"{&quot;background_background&quot;:&quot;classic&quot;}\">\n\t\t\t<div class=\"elementor-widget-wrap elementor-element-populated\">\n\t\t\t\t\t\t\t\t<div class=\"elementor-element elementor-element-bd1adf5 elementor-shape-square elementor-position-left elementor-view-stacked elementor-mobile-position-top elementor-vertical-align-top elementor-widget elementor-widget-icon-box\" data-id=\"bd1adf5\" data-element_type=\"widget\" data-widget_type=\"icon-box.default\">\n\t\t\t\t<div class=\"elementor-widget-container\">\n\t\t\t\t\t<div class=\"elementor-icon-box-wrapper\">\n\t\t\t\t\t\t<div class=\"elementor-icon-box-icon\">\n\t\t\t\t<span  class=\"elementor-icon elementor-animation-\">\n\t\t\t\t<i aria-hidden=\"true\" class=\"fas fa-chalkboard-teacher\"><\/i>\t\t\t\t<\/span>\n\t\t\t<\/div>\n\t\t\t\t\t\t<div class=\"elementor-icon-box-content\">\n\t\t\t\t<h3 class=\"elementor-icon-box-title\">\n\t\t\t\t\t<span  >\n\t\t\t\t\t\t40\t\t\t\t\t<\/span>\n\t\t\t\t<\/h3>\n\t\t\t\t\t\t\t\t\t<p class=\"elementor-icon-box-description\">\n\t\t\t\t\t\tU\u010cITEL\u016e, VYCHOVATEL\u016e\t\t\t\t\t<\/p>\n\t\t\t\t\t\t\t<\/div>\n\t\t<\/div>\n\t\t\t\t<\/div>\n\t\t\t\t<\/div>\n\t\t\t\t<div class=\"elementor-element elementor-element-5feae405 elementor-widget-divider--view-line elementor-widget elementor-widget-divider\" data-id=\"5feae405\" data-element_type=\"widget\" data-widget_type=\"divider.default\">\n\t\t\t\t<div class=\"elementor-widget-container\">\n\t\t\t\t\t<div class=\"elementor-divider\">\n\t\t\t<span class=\"elementor-divider-separator\">\n\t\t\t\t\t\t<\/span>\n\t\t<\/div>\n\t\t\t\t<\/div>\n\t\t\t\t<\/div>\n\t\t\t\t\t<\/div>\n\t\t<\/div>\n\t\t\t\t<div class=\"elementor-column elementor-col-25 elementor-top-column elementor-element elementor-element-3a7b061a\" data-id=\"3a7b061a\" data-element_type=\"column\" data-settings=\"{&quot;background_background&quot;:&quot;classic&quot;}\">\n\t\t\t<div class=\"elementor-widget-wrap elementor-element-populated\">\n\t\t\t\t\t\t\t\t<div class=\"elementor-element elementor-element-2130ac0f elementor-shape-square elementor-position-left elementor-view-stacked elementor-mobile-position-top elementor-vertical-align-top elementor-widget elementor-widget-icon-box\" data-id=\"2130ac0f\" data-element_type=\"widget\" data-widget_type=\"icon-box.default\">\n\t\t\t\t<div class=\"elementor-widget-container\">\n\t\t\t\t\t<div class=\"elementor-icon-box-wrapper\">\n\t\t\t\t\t\t<div class=\"elementor-icon-box-icon\">\n\t\t\t\t<span  class=\"elementor-icon elementor-animation-\">\n\t\t\t\t<i aria-hidden=\"true\" class=\"fas fa-child\"><\/i>\t\t\t\t<\/span>\n\t\t\t<\/div>\n\t\t\t\t\t\t<div class=\"elementor-icon-box-content\">\n\t\t\t\t<h3 class=\"elementor-icon-box-title\">\n\t\t\t\t\t<span  >\n\t\t\t\t\t\t400\t\t\t\t\t<\/span>\n\t\t\t\t<\/h3>\n\t\t\t\t\t\t\t\t\t<p class=\"elementor-icon-box-description\">\n\t\t\t\t\t\tD\u011aT\u00cd V NA\u0160\u00cd P\u00c9\u010cI\t\t\t\t\t<\/p>\n\t\t\t\t\t\t\t<\/div>\n\t\t<\/div>\n\t\t\t\t<\/div>\n\t\t\t\t<\/div>\n\t\t\t\t<div class=\"elementor-element elementor-element-562557b elementor-widget-divider--view-line elementor-widget elementor-widget-divider\" data-id=\"562557b\" data-element_type=\"widget\" data-widget_type=\"divider.default\">\n\t\t\t\t<div class=\"elementor-widget-container\">\n\t\t\t\t\t<div class=\"elementor-divider\">\n\t\t\t<span class=\"elementor-divider-separator\">\n\t\t\t\t\t\t<\/span>\n\t\t<\/div>\n\t\t\t\t<\/div>\n\t\t\t\t<\/div>\n\t\t\t\t\t<\/div>\n\t\t<\/div>\n\t\t\t\t<div class=\"elementor-column elementor-col-25 elementor-top-column elementor-element elementor-element-4b256b8b\" data-id=\"4b256b8b\" data-element_type=\"column\" data-settings=\"{&quot;background_background&quot;:&quot;classic&quot;}\">\n\t\t\t<div class=\"elementor-widget-wrap elementor-element-populated\">\n\t\t\t\t\t\t\t\t<div class=\"elementor-element elementor-element-1fe7a0a elementor-shape-square elementor-position-left elementor-view-stacked elementor-mobile-position-top elementor-vertical-align-top elementor-widget elementor-widget-icon-box\" data-id=\"1fe7a0a\" data-element_type=\"widget\" data-widget_type=\"icon-box.default\">\n\t\t\t\t<div class=\"elementor-widget-container\">\n\t\t\t\t\t<div class=\"elementor-icon-box-wrapper\">\n\t\t\t\t\t\t<div class=\"elementor-icon-box-icon\">\n\t\t\t\t<span  class=\"elementor-icon elementor-animation-\">\n\t\t\t\t<i aria-hidden=\"true\" class=\"fas fa-bus-alt\"><\/i>\t\t\t\t<\/span>\n\t\t\t<\/div>\n\t\t\t\t\t\t<div class=\"elementor-icon-box-content\">\n\t\t\t\t<h3 class=\"elementor-icon-box-title\">\n\t\t\t\t\t<span  >\n\t\t\t\t\t\t15 10 \t\t\t\t\t<\/span>\n\t\t\t\t<\/h3>\n\t\t\t\t\t\t\t\t\t<p class=\"elementor-icon-box-description\">\n\t\t\t\t\t\tZAST\u00c1VKA MHD 30m\t\t\t\t\t<\/p>\n\t\t\t\t\t\t\t<\/div>\n\t\t<\/div>\n\t\t\t\t<\/div>\n\t\t\t\t<\/div>\n\t\t\t\t<div class=\"elementor-element elementor-element-7f3489d2 elementor-widget-divider--view-line elementor-widget elementor-widget-divider\" data-id=\"7f3489d2\" data-element_type=\"widget\" data-widget_type=\"divider.default\">\n\t\t\t\t<div class=\"elementor-widget-container\">\n\t\t\t\t\t<div class=\"elementor-divider\">\n\t\t\t<span class=\"elementor-divider-separator\">\n\t\t\t\t\t\t<\/span>\n\t\t<\/div>\n\t\t\t\t<\/div>\n\t\t\t\t<\/div>\n\t\t\t\t\t<\/div>\n\t\t<\/div>\n\t\t\t\t\t\t\t<\/div>\n\t\t<\/section>\n\t\t\t\t<section class=\"elementor-section elementor-top-section elementor-element elementor-element-73ef700 elementor-section-stretched elementor-section-boxed elementor-section-height-default elementor-section-height-default\" data-id=\"73ef700\" data-element_type=\"section\" data-settings=\"{&quot;background_background&quot;:&quot;classic&quot;,&quot;stretch_section&quot;:&quot;section-stretched&quot;}\">\n\t\t\t\t\t\t\t<div class=\"elementor-background-overlay\"><\/div>\n\t\t\t\t\t\t\t<div class=\"elementor-container elementor-column-gap-default\">\n\t\t\t\t\t<div class=\"elementor-column elementor-col-100 elementor-top-column elementor-element elementor-element-794fd32e\" data-id=\"794fd32e\" data-element_type=\"column\" data-settings=\"{&quot;background_background&quot;:&quot;classic&quot;}\">\n\t\t\t<div class=\"elementor-widget-wrap elementor-element-populated\">\n\t\t\t\t\t<div class=\"elementor-background-overlay\"><\/div>\n\t\t\t\t\t\t\t\t<section class=\"elementor-section elementor-inner-section elementor-element elementor-element-2bc83a5a elementor-section-boxed elementor-section-height-default elementor-section-height-default\" data-id=\"2bc83a5a\" data-element_type=\"section\" data-settings=\"{&quot;background_background&quot;:&quot;classic&quot;}\">\n\t\t\t\t\t\t<div class=\"elementor-container elementor-column-gap-no\">\n\t\t\t\t\t<div class=\"elementor-column elementor-col-100 elementor-inner-column elementor-element elementor-element-2c46e37f\" data-id=\"2c46e37f\" data-element_type=\"column\" data-settings=\"{&quot;background_background&quot;:&quot;classic&quot;}\">\n\t\t\t<div class=\"elementor-widget-wrap elementor-element-populated\">\n\t\t\t\t\t\t\t\t<div class=\"elementor-element elementor-element-21ea500 elementor-widget elementor-widget-heading\" data-id=\"21ea500\" data-element_type=\"widget\" data-widget_type=\"heading.default\">\n\t\t\t\t<div class=\"elementor-widget-container\">\n\t\t\t<h2 class=\"elementor-heading-title elementor-size-default\">Na\u0161e historie<\/h2>\t\t<\/div>\n\t\t\t\t<\/div>\n\t\t\t\t<div class=\"elementor-element elementor-element-e35945f elementor-widget elementor-widget-text-editor\" data-id=\"e35945f\" data-element_type=\"widget\" data-widget_type=\"text-editor.default\">\n\t\t\t\t<div class=\"elementor-widget-container\">\n\t\t\t\t\t\t\t<div id=\"Content\"><div class=\"boxed\"><div id=\"lipsum\"><p><strong>Prvn\u00ed zm\u00ednky o na\u0161\u00ed \u0161kole jsou z roku 1776. V tomto roce vznikla trivi\u00e1ln\u00ed \u0161kola, jedna z nejstar\u0161\u00edch v kr\u00e1lovehradeck\u00e9m okrese. Byla to budova se dv\u011bma u\u010debnami. Vyhovovala sv\u00e9mu \u00fa\u010delu je\u0161t\u011b v roce 1869, kdy byla \u0161estilet\u00e1 \u0161koln\u00ed doch\u00e1zka zm\u011bn\u011bna v osmiletou. Roku 1886 byla u\u017e \u0161kola \u010dty\u0159t\u0159\u00eddn\u00ed a rok nato se po ukon\u010den\u00ed p\u0159\u00edstavby za\u010dalo vyu\u010dovat v 5. t\u0159\u00edd\u011b. Dal\u0161\u00ed p\u0159\u00edstavba byla dokon\u010dena roku 1908. O rok pozd\u011bji se vyu\u010dovalo u\u017e v osmi t\u0159\u00edd\u00e1ch (p\u011btit\u0159\u00eddka s 3 pobo\u010dkami).\u00a0<\/strong><\/p><p><strong>M\u011b\u0161\u0165ansk\u00e1 \u0161kola byla otev\u0159ena v roce 1922. Nov\u00e9 \u0161koln\u00ed budovy se Ploti\u0161t\u011b do\u010dkaly v roce 1932. Od t\u00e9 doby byla z\u00e1kladn\u00ed \u0161kola rozd\u011blena na \u0161kolu severn\u00ed (1. stupe\u0148) a \u0161kolu ji\u017en\u00ed (2. stupe\u0148).\u00a0<\/strong><\/p><\/div><\/div><\/div>\t\t\t\t\t\t<\/div>\n\t\t\t\t<\/div>\n\t\t\t\t\t<\/div>\n\t\t<\/div>\n\t\t\t\t\t\t\t<\/div>\n\t\t<\/section>\n\t\t\t\t\t<\/div>\n\t\t<\/div>\n\t\t\t\t\t\t\t<\/div>\n\t\t<\/section>\n\t\t\t\t\t\t\t<\/div>\n\t\t","protected":false},"excerpt":{"rendered":"<p>O na\u0161\u00ed \u0161kole P\u0159in\u00e1\u0161\u00edme V\u00e1m p\u0159ed\u0161koln\u00ed vzd\u011bl\u00e1v\u00e1n\u00ed, z\u00e1kladn\u00ed vzd\u011bl\u00e1v\u00e1n\u00ed, z\u00e1jmov\u00e9 vzd\u011bl\u00e1v\u00e1n\u00ed, sportovn\u00ed a um\u011bleck\u00e9 krou\u017eky, \u0161koln\u00ed a z\u00e1vodn\u00ed stravov\u00e1n\u00ed. \u0160kola se nach\u00e1z\u00ed v klidn\u00e9 \u010d\u00e1sti Hradce Kr\u00e1lov\u00e9 \u2013 Ploti\u0161t\u00edch, v dosahu m\u011bstsk\u00e9 dopravy. Skl\u00e1d\u00e1 se ze t\u0159\u00ed budov. Na hlavn\u00ed budov\u011b Jih je um\u00edst\u011bno t\u0159in\u00e1ct&nbsp;<a href=\"https:\/\/www.zsplotiste.cz\/?page_id=197\">&hellip;<\/a><\/p>\n","protected":false},"author":1,"featured_media":0,"parent":0,"menu_order":0,"comment_status":"closed","ping_status":"closed","template":"template-fullwidth.php","meta":{"footnotes":""},"class_list":["post-197","page","type-page","status-publish","hentry","odd"],"_links":{"self":[{"href":"https:\/\/www.zsplotiste.cz\/index.php?rest_route=\/wp\/v2\/pages\/197","targetHints":{"allow":["GET"]}}],"collection":[{"href":"https:\/\/www.zsplotiste.cz\/index.php?rest_route=\/wp\/v2\/pages"}],"about":[{"href":"https:\/\/www.zsplotiste.cz\/index.php?rest_route=\/wp\/v2\/types\/page"}],"author":[{"embeddable":true,"href":"https:\/\/www.zsplotiste.cz\/index.php?rest_route=\/wp\/v2\/users\/1"}],"replies":[{"embeddable":true,"href":"https:\/\/www.zsplotiste.cz\/index.php?rest_route=%2Fwp%2Fv2%2Fcomments&post=197"}],"version-history":[{"count":27,"href":"https:\/\/www.zsplotiste.cz\/index.php?rest_route=\/wp\/v2\/pages\/197\/revisions"}],"predecessor-version":[{"id":5445,"href":"https:\/\/www.zsplotiste.cz\/index.php?rest_route=\/wp\/v2\/pages\/197\/revisions\/5445"}],"wp:attachment":[{"href":"https:\/\/www.zsplotiste.cz\/index.php?rest_route=%2Fwp%2Fv2%2Fmedia&parent=197"}],"curies":[{"name":"wp","href":"https:\/\/api.w.org\/{rel}","templated":true}]}}