{"id":396,"date":"2023-07-25T14:19:55","date_gmt":"2023-07-25T13:19:55","guid":{"rendered":"https:\/\/www.pocitacepardubice.cz\/?page_id=396"},"modified":"2025-12-15T14:52:49","modified_gmt":"2025-12-15T13:52:49","slug":"urednideska","status":"publish","type":"page","link":"https:\/\/www.zsplotiste.cz\/?page_id=396","title":{"rendered":"\u00da\u0159edn\u00ed deska"},"content":{"rendered":"\t\t<div data-elementor-type=\"wp-page\" data-elementor-id=\"396\" class=\"elementor elementor-396\">\n\t\t\t\t\t\t\t\t\t<section class=\"elementor-section elementor-top-section elementor-element elementor-element-4c859f0 elementor-section-boxed elementor-section-height-default elementor-section-height-default\" data-id=\"4c859f0\" data-element_type=\"section\">\n\t\t\t\t\t\t<div class=\"elementor-container elementor-column-gap-default\">\n\t\t\t\t\t<div class=\"elementor-column elementor-col-100 elementor-top-column elementor-element elementor-element-f12bf51\" data-id=\"f12bf51\" data-element_type=\"column\">\n\t\t\t<div class=\"elementor-widget-wrap elementor-element-populated\">\n\t\t\t\t\t\t\t\t<div class=\"elementor-element elementor-element-7b2646b elementor-widget elementor-widget-heading\" data-id=\"7b2646b\" data-element_type=\"widget\" data-widget_type=\"heading.default\">\n\t\t\t\t<div class=\"elementor-widget-container\">\n\t\t\t<h2 class=\"elementor-heading-title elementor-size-default\">\u00da\u0159edn\u00ed deska<\/h2>\t\t<\/div>\n\t\t\t\t<\/div>\n\t\t\t\t\t<\/div>\n\t\t<\/div>\n\t\t\t\t\t\t\t<\/div>\n\t\t<\/section>\n\t\t\t\t<section class=\"elementor-section elementor-top-section elementor-element elementor-element-f058a12 elementor-section-boxed elementor-section-height-default elementor-section-height-default\" data-id=\"f058a12\" data-element_type=\"section\">\n\t\t\t\t\t\t<div class=\"elementor-container elementor-column-gap-default\">\n\t\t\t\t\t<div class=\"elementor-column elementor-col-100 elementor-top-column elementor-element elementor-element-d5c69e9\" data-id=\"d5c69e9\" data-element_type=\"column\">\n\t\t\t<div class=\"elementor-widget-wrap elementor-element-populated\">\n\t\t\t\t\t\t\t\t<div class=\"elementor-element elementor-element-c6d748b elementor-widget elementor-widget-spacer\" data-id=\"c6d748b\" data-element_type=\"widget\" data-widget_type=\"spacer.default\">\n\t\t\t\t<div class=\"elementor-widget-container\">\n\t\t\t\t\t<div class=\"elementor-spacer\">\n\t\t\t<div class=\"elementor-spacer-inner\"><\/div>\n\t\t<\/div>\n\t\t\t\t<\/div>\n\t\t\t\t<\/div>\n\t\t\t\t\t<\/div>\n\t\t<\/div>\n\t\t\t\t\t\t\t<\/div>\n\t\t<\/section>\n\t\t\t\t<section class=\"elementor-section elementor-top-section elementor-element elementor-element-891469f elementor-section-boxed elementor-section-height-default elementor-section-height-default\" data-id=\"891469f\" data-element_type=\"section\">\n\t\t\t\t\t\t<div class=\"elementor-container elementor-column-gap-default\">\n\t\t\t\t\t<div class=\"elementor-column elementor-col-50 elementor-top-column elementor-element elementor-element-0b99631\" data-id=\"0b99631\" data-element_type=\"column\">\n\t\t\t<div class=\"elementor-widget-wrap elementor-element-populated\">\n\t\t\t\t\t\t\t\t<div class=\"elementor-element elementor-element-b76e65f elementor-widget elementor-widget-heading\" data-id=\"b76e65f\" data-element_type=\"widget\" data-widget_type=\"heading.default\">\n\t\t\t\t<div class=\"elementor-widget-container\">\n\t\t\t<h4 class=\"elementor-heading-title elementor-size-default\">V\u00fdro\u010dn\u00ed zpr\u00e1vy<\/h4>\t\t<\/div>\n\t\t\t\t<\/div>\n\t\t\t\t\t<\/div>\n\t\t<\/div>\n\t\t\t\t<div class=\"elementor-column elementor-col-50 elementor-top-column elementor-element elementor-element-2bfdd75\" data-id=\"2bfdd75\" data-element_type=\"column\">\n\t\t\t<div class=\"elementor-widget-wrap elementor-element-populated\">\n\t\t\t\t\t\t\t\t<div class=\"elementor-element elementor-element-a9859a9 elementor-widget elementor-widget-heading\" data-id=\"a9859a9\" data-element_type=\"widget\" data-widget_type=\"heading.default\">\n\t\t\t\t<div class=\"elementor-widget-container\">\n\t\t\t<h4 class=\"elementor-heading-title elementor-size-default\">\u0158\u00e1dy ke sta\u017een\u00ed\u200b<\/h4>\t\t<\/div>\n\t\t\t\t<\/div>\n\t\t\t\t\t<\/div>\n\t\t<\/div>\n\t\t\t\t\t\t\t<\/div>\n\t\t<\/section>\n\t\t\t\t<section class=\"elementor-section elementor-top-section elementor-element elementor-element-5e016e5 elementor-section-boxed elementor-section-height-default elementor-section-height-default\" data-id=\"5e016e5\" data-element_type=\"section\">\n\t\t\t\t\t\t<div class=\"elementor-container elementor-column-gap-default\">\n\t\t\t\t\t<div class=\"elementor-column elementor-col-50 elementor-top-column elementor-element elementor-element-4477c6c\" data-id=\"4477c6c\" data-element_type=\"column\">\n\t\t\t<div class=\"elementor-widget-wrap elementor-element-populated\">\n\t\t\t\t\t\t\t\t<div class=\"elementor-element elementor-element-302eb14 elementor-widget elementor-widget-text-editor\" data-id=\"302eb14\" data-element_type=\"widget\" data-widget_type=\"text-editor.default\">\n\t\t\t\t<div class=\"elementor-widget-container\">\n\t\t\t\t\t\t\t<ul><li>\u00a0<a href=\"https:\/\/www.zsplotiste.cz\/wp-content\/uploads\/2025\/12\/Vyrocni-zprava-ZS-a-MS-2024-2025.pdf\">2024 &#8211; 2025<\/a><\/li><li><a href=\"https:\/\/www.zsplotiste.cz\/wp-content\/uploads\/2025\/02\/Vyrocni-zprava-ZS-a-MS-2023-2024.pdf\">\u00a02023 &#8211; 2024<\/a><\/li><li><a href=\"http:\/\/www.zsplotiste.cz\/wp-content\/uploads\/2023\/12\/Vyrocni-zprava-ZS-a-MS-2022-2023.pdf\" target=\"_blank\" rel=\"noopener\">\u00a02022 &#8211; 2023<\/a><\/li><li><a href=\"http:\/\/www.zsplotiste.cz\/wp-content\/uploads\/2023\/12\/Vyrocni-zprava-ZS-a-MS-2021-2022-schvalena.pdf\" target=\"_blank\" rel=\"noopener\">\u00a02021 &#8211; 2022<\/a><\/li><li><a href=\"http:\/\/www.zsplotiste.cz\/wp-content\/uploads\/2023\/07\/Vyrocni-zprava-ZS-a-MS-2020-2021-schvalena.pdf\" target=\"_blank\" rel=\"noopener\">\u00a02020 &#8211; 2021<\/a><\/li><li><a href=\"http:\/\/www.zsplotiste.cz\/wp-content\/uploads\/2023\/07\/Vyrocni-zprava-ZS-a-MS-2019-2020.pdf\" target=\"_blank\" rel=\"noopener\">\u00a02019 &#8211; 2020<\/a><\/li><li>\u00a0<a href=\"http:\/\/www.zsplotiste.cz\/wp-content\/uploads\/2023\/07\/ZS-Vyrocni-zprava-2018-2019.pdf\" target=\"_blank\" rel=\"noopener\">2018 &#8211; 2019<\/a><\/li><li>\u00a0<a href=\"http:\/\/www.zsplotiste.cz\/wp-content\/uploads\/2023\/07\/ZS-Vyrocni-zprava-2017-2018.pdf\" target=\"_blank\" rel=\"noopener\">2017 &#8211; 2018<\/a><\/li><li>\u00a0<a href=\"http:\/\/www.zsplotiste.cz\/wp-content\/uploads\/2023\/07\/ZS-Vyrocni-zprava-2015-16.pdf\" target=\"_blank\" rel=\"noopener\">2015 &#8211; 2016<\/a><\/li><li>\u00a0<a href=\"http:\/\/www.zsplotiste.cz\/wp-content\/uploads\/2023\/07\/ZS-Vyrocni-zprava-2014-2015-4.pdf\" target=\"_blank\" rel=\"noopener\">2014 &#8211; 2015<\/a><\/li><li>\u00a0<a href=\"http:\/\/www.zsplotiste.cz\/wp-content\/uploads\/2023\/07\/Vyrocni_zprava_2013-2014.pdf\" target=\"_blank\" rel=\"noopener\">2013 &#8211; 2014<\/a><\/li><li>\u00a0<a href=\"http:\/\/www.zsplotiste.cz\/wp-content\/uploads\/2023\/07\/Vyrocni_zprava_2012-2013.pdf\" target=\"_blank\" rel=\"noopener\">2012 &#8211; 2013<\/a><\/li><li>\u00a0<a href=\"http:\/\/www.zsplotiste.cz\/wp-content\/uploads\/2023\/07\/vyrocni_zprava_2011-2012.pdf\" target=\"_blank\" rel=\"noopener\">2011 &#8211; 2012<\/a><\/li><li>\u00a0<a href=\"http:\/\/www.zsplotiste.cz\/wp-content\/uploads\/2023\/07\/Vyrocni_zprava_2010-2011.pdf\" target=\"_blank\" rel=\"noopener\">2010 &#8211; 2011<\/a><\/li><li>\u00a0<a href=\"http:\/\/www.zsplotiste.cz\/wp-content\/uploads\/2023\/07\/Vyrocni_zprava_2009-2010.pdf\" target=\"_blank\" rel=\"noopener\">2009 &#8211; 2010<\/a><\/li><li>\u00a0<a href=\"http:\/\/www.zsplotiste.cz\/wp-content\/uploads\/2023\/07\/Vyrocni_zprava_2008-2009.pdf\" target=\"_blank\" rel=\"noopener\">2008 &#8211; 2009<\/a><\/li><li>\u00a0<a href=\"http:\/\/www.zsplotiste.cz\/wp-content\/uploads\/2023\/07\/Vyrocni_zprava_2007-2008.pdf\" target=\"_blank\" rel=\"noopener\">2007 &#8211; 2008<\/a><\/li><\/ul>\t\t\t\t\t\t<\/div>\n\t\t\t\t<\/div>\n\t\t\t\t\t<\/div>\n\t\t<\/div>\n\t\t\t\t<div class=\"elementor-column elementor-col-50 elementor-top-column elementor-element elementor-element-08aea4c\" data-id=\"08aea4c\" data-element_type=\"column\">\n\t\t\t<div class=\"elementor-widget-wrap elementor-element-populated\">\n\t\t\t\t\t\t\t\t<div class=\"elementor-element elementor-element-6b32f17 elementor-widget elementor-widget-text-editor\" data-id=\"6b32f17\" data-element_type=\"widget\" data-widget_type=\"text-editor.default\">\n\t\t\t\t<div class=\"elementor-widget-container\">\n\t\t\t\t\t\t\t<ul><li><a href=\"http:\/\/www.zsplotiste.cz\/wp-content\/uploads\/2023\/07\/Skolni_rad.pdf\" target=\"_blank\" rel=\"noopener\">\u0160koln\u00ed \u0159\u00e1d<\/a><\/li><li><a href=\"https:\/\/www.zsplotiste.cz\/wp-content\/uploads\/2025\/09\/vnitrni-rad-skoly_2025.pdf\">Vnit\u0159n\u00ed \u0159\u00e1d \u0161koly<\/a><\/li><li><a href=\"http:\/\/www.zsplotiste.cz\/wp-content\/uploads\/2023\/07\/Skolni_hriste.pdf\" target=\"_blank\" rel=\"noopener\">\u0158\u00e1d \u0161koln\u00edho h\u0159i\u0161t\u011b<\/a><\/li><li><a href=\"https:\/\/www.zsplotiste.cz\/wp-content\/uploads\/2025\/12\/SKOLNI-PREVENTIVNI-PROGRAM-2025_2026.pdf\">\u0160koln\u00ed preventivn\u00ed program pro Z\u0160<\/a><\/li><li><a href=\"https:\/\/www.zsplotiste.cz\/wp-content\/uploads\/2025\/12\/SKOLNI-PREVENTIVNI-PROGRAM-2025_2026.pdf\">Ro\u010dn\u00ed pl\u00e1n prevence pro \u0161koln\u00ed rok 2025-2026<\/a><\/li><li><a href=\"https:\/\/www.zsplotiste.cz\/wp-content\/uploads\/2025\/12\/Skolni-poradenske-pracoviste-a-jeho-koncepce-1.pdf\">\u0160koln\u00ed poradensk\u00e9 pracovi\u0161t\u011b a jeho koncepce<\/a><\/li><li><a href=\"https:\/\/www.zsplotiste.cz\/wp-content\/uploads\/2025\/12\/KRIZOVY-PLAN-SKOLY.pdf\">Krizov\u00fd pl\u00e1n \u0161koly<\/a><\/li><\/ul>\t\t\t\t\t\t<\/div>\n\t\t\t\t<\/div>\n\t\t\t\t\t<\/div>\n\t\t<\/div>\n\t\t\t\t\t\t\t<\/div>\n\t\t<\/section>\n\t\t\t\t<section class=\"elementor-section elementor-top-section elementor-element elementor-element-c874831 elementor-section-boxed elementor-section-height-default elementor-section-height-default\" data-id=\"c874831\" data-element_type=\"section\">\n\t\t\t\t\t\t<div class=\"elementor-container elementor-column-gap-default\">\n\t\t\t\t\t<div class=\"elementor-column elementor-col-100 elementor-top-column elementor-element elementor-element-4b67abe\" data-id=\"4b67abe\" data-element_type=\"column\">\n\t\t\t<div class=\"elementor-widget-wrap elementor-element-populated\">\n\t\t\t\t\t\t\t\t<div class=\"elementor-element elementor-element-ca64136 elementor-widget elementor-widget-spacer\" data-id=\"ca64136\" data-element_type=\"widget\" data-widget_type=\"spacer.default\">\n\t\t\t\t<div class=\"elementor-widget-container\">\n\t\t\t\t\t<div class=\"elementor-spacer\">\n\t\t\t<div class=\"elementor-spacer-inner\"><\/div>\n\t\t<\/div>\n\t\t\t\t<\/div>\n\t\t\t\t<\/div>\n\t\t\t\t\t<\/div>\n\t\t<\/div>\n\t\t\t\t\t\t\t<\/div>\n\t\t<\/section>\n\t\t\t\t<section class=\"elementor-section elementor-top-section elementor-element elementor-element-03ccab0 elementor-section-boxed elementor-section-height-default elementor-section-height-default\" data-id=\"03ccab0\" data-element_type=\"section\">\n\t\t\t\t\t\t<div class=\"elementor-container elementor-column-gap-default\">\n\t\t\t\t\t<div class=\"elementor-column elementor-col-50 elementor-top-column elementor-element elementor-element-22a732f\" data-id=\"22a732f\" data-element_type=\"column\">\n\t\t\t<div class=\"elementor-widget-wrap elementor-element-populated\">\n\t\t\t\t\t\t\t\t<div class=\"elementor-element elementor-element-257c2f8 elementor-widget elementor-widget-heading\" data-id=\"257c2f8\" data-element_type=\"widget\" data-widget_type=\"heading.default\">\n\t\t\t\t<div class=\"elementor-widget-container\">\n\t\t\t<h4 class=\"elementor-heading-title elementor-size-default\">Ostatn\u00ed dokumenty<\/h4>\t\t<\/div>\n\t\t\t\t<\/div>\n\t\t\t\t\t<\/div>\n\t\t<\/div>\n\t\t\t\t<div class=\"elementor-column elementor-col-50 elementor-top-column elementor-element elementor-element-35138f9\" data-id=\"35138f9\" data-element_type=\"column\">\n\t\t\t<div class=\"elementor-widget-wrap\">\n\t\t\t\t\t\t\t\t\t<\/div>\n\t\t<\/div>\n\t\t\t\t\t\t\t<\/div>\n\t\t<\/section>\n\t\t\t\t<section class=\"elementor-section elementor-top-section elementor-element elementor-element-0db6ffc elementor-section-boxed elementor-section-height-default elementor-section-height-default\" data-id=\"0db6ffc\" data-element_type=\"section\">\n\t\t\t\t\t\t<div class=\"elementor-container elementor-column-gap-default\">\n\t\t\t\t\t<div class=\"elementor-column elementor-col-50 elementor-top-column elementor-element elementor-element-0f6982f\" data-id=\"0f6982f\" data-element_type=\"column\">\n\t\t\t<div class=\"elementor-widget-wrap elementor-element-populated\">\n\t\t\t\t\t\t\t\t<div class=\"elementor-element elementor-element-52c2f9b elementor-widget elementor-widget-text-editor\" data-id=\"52c2f9b\" data-element_type=\"widget\" data-widget_type=\"text-editor.default\">\n\t\t\t\t<div class=\"elementor-widget-container\">\n\t\t\t\t\t\t\t<ul><li><a href=\"http:\/\/www.zsplotiste.cz\/wp-content\/uploads\/2023\/07\/zadost_o_prijeti_ditete_k_predskolnimu_vzdelavani.pdf\" target=\"_blank\" rel=\"noopener\">\u017d\u00e1dost o p\u0159ijet\u00ed d\u00edt\u011bte k p\u0159ed\u0161koln\u00edmu vzd\u011bl\u00e1v\u00e1n\u00ed<\/a><\/li><li><a href=\"http:\/\/www.zsplotiste.cz\/wp-content\/uploads\/2023\/07\/smernice54.pdf\" target=\"_blank\" rel=\"noopener\">Pravidla pro p\u0159ij\u00edm\u00e1n\u00ed \u017e\u00e1k\u016f do 1.t\u0159\u00eddy<\/a><\/li><li><a href=\"https:\/\/www.zsplotiste.cz\/wp-content\/uploads\/2024\/04\/SVP-2023-od-1.9.pdf\" target=\"_blank\" rel=\"noopener\">\u0160koln\u00ed vzd\u011bl\u00e1vac\u00ed program<\/a><\/li><li><a href=\"http:\/\/www.zsplotiste.cz\/wp-content\/uploads\/2023\/07\/inspekcni_zprava_03_2022.pdf\" target=\"_blank\" rel=\"noopener\">Inspek\u010dn\u00ed zpr\u00e1va 03-2022<\/a><\/li><li><a href=\"http:\/\/www.zsplotiste.cz\/wp-content\/uploads\/2023\/07\/1.-IZ-ZS-a-MS-HK-P.-Jilemnickeho.pdf\" target=\"_blank\" rel=\"noopener\">Inspek\u010dn\u00ed zpr\u00e1va 02-2015<\/a><\/li><li><a href=\"http:\/\/www.zsplotiste.cz\/wp-content\/uploads\/2023\/07\/inspekcni_zprava_01_2009.pdf\" target=\"_blank\" rel=\"noopener\">Inspek\u010dn\u00ed zpr\u00e1va 01-2009<\/a><\/li><li><a href=\"http:\/\/www.zsplotiste.cz\/wp-content\/uploads\/2023\/07\/inspekcni_zprava_02-2007.pdf\" target=\"_blank\" rel=\"noopener\">Inspek\u010dn\u00ed zpr\u00e1va 02-2007<\/a><\/li><\/ul>\t\t\t\t\t\t<\/div>\n\t\t\t\t<\/div>\n\t\t\t\t\t<\/div>\n\t\t<\/div>\n\t\t\t\t<div class=\"elementor-column elementor-col-50 elementor-top-column elementor-element elementor-element-5cddc8e\" data-id=\"5cddc8e\" data-element_type=\"column\">\n\t\t\t<div class=\"elementor-widget-wrap\">\n\t\t\t\t\t\t\t\t\t<\/div>\n\t\t<\/div>\n\t\t\t\t\t\t\t<\/div>\n\t\t<\/section>\n\t\t\t\t\t\t\t<\/div>\n\t\t","protected":false},"excerpt":{"rendered":"<p>\u00da\u0159edn\u00ed deska V\u00fdro\u010dn\u00ed zpr\u00e1vy \u0158\u00e1dy ke sta\u017een\u00ed\u200b \u00a02024 &#8211; 2025 \u00a02023 &#8211; 2024 \u00a02022 &#8211; 2023 \u00a02021 &#8211; 2022 \u00a02020 &#8211; 2021 \u00a02019 &#8211; 2020 \u00a02018 &#8211; 2019 \u00a02017 &#8211; 2018 \u00a02015 &#8211; 2016 \u00a02014 &#8211; 2015 \u00a02013 &#8211; 2014 \u00a02012 &#8211; 2013 \u00a02011 &#8211;&nbsp;<a href=\"https:\/\/www.zsplotiste.cz\/?page_id=396\">&hellip;<\/a><\/p>\n","protected":false},"author":1,"featured_media":0,"parent":0,"menu_order":0,"comment_status":"closed","ping_status":"closed","template":"template-fullwidth.php","meta":{"footnotes":""},"class_list":["post-396","page","type-page","status-publish","hentry","odd"],"_links":{"self":[{"href":"https:\/\/www.zsplotiste.cz\/index.php?rest_route=\/wp\/v2\/pages\/396","targetHints":{"allow":["GET"]}}],"collection":[{"href":"https:\/\/www.zsplotiste.cz\/index.php?rest_route=\/wp\/v2\/pages"}],"about":[{"href":"https:\/\/www.zsplotiste.cz\/index.php?rest_route=\/wp\/v2\/types\/page"}],"author":[{"embeddable":true,"href":"https:\/\/www.zsplotiste.cz\/index.php?rest_route=\/wp\/v2\/users\/1"}],"replies":[{"embeddable":true,"href":"https:\/\/www.zsplotiste.cz\/index.php?rest_route=%2Fwp%2Fv2%2Fcomments&post=396"}],"version-history":[{"count":95,"href":"https:\/\/www.zsplotiste.cz\/index.php?rest_route=\/wp\/v2\/pages\/396\/revisions"}],"predecessor-version":[{"id":10138,"href":"https:\/\/www.zsplotiste.cz\/index.php?rest_route=\/wp\/v2\/pages\/396\/revisions\/10138"}],"wp:attachment":[{"href":"https:\/\/www.zsplotiste.cz\/index.php?rest_route=%2Fwp%2Fv2%2Fmedia&parent=396"}],"curies":[{"name":"wp","href":"https:\/\/api.w.org\/{rel}","templated":true}]}}