{"id":397,"date":"2023-07-25T14:19:55","date_gmt":"2023-07-25T13:19:55","guid":{"rendered":"https:\/\/www.pocitacepardubice.cz\/?page_id=397"},"modified":"2025-12-15T14:40:59","modified_gmt":"2025-12-15T13:40:59","slug":"vychovne-poradenstvi","status":"publish","type":"page","link":"https:\/\/www.zsplotiste.cz\/?page_id=397","title":{"rendered":"V\u00fdchovn\u00e9 poradenstv\u00ed"},"content":{"rendered":"\t\t<div data-elementor-type=\"wp-page\" data-elementor-id=\"397\" class=\"elementor elementor-397\">\n\t\t\t\t\t\t\t\t\t<section class=\"elementor-section elementor-top-section elementor-element elementor-element-d418a62 elementor-section-boxed elementor-section-height-default elementor-section-height-default\" data-id=\"d418a62\" data-element_type=\"section\">\n\t\t\t\t\t\t<div class=\"elementor-container elementor-column-gap-default\">\n\t\t\t\t\t<div class=\"elementor-column elementor-col-100 elementor-top-column elementor-element elementor-element-2db20e5\" data-id=\"2db20e5\" data-element_type=\"column\">\n\t\t\t<div class=\"elementor-widget-wrap elementor-element-populated\">\n\t\t\t\t\t\t\t\t<div class=\"elementor-element elementor-element-b75e909 elementor-widget elementor-widget-heading\" data-id=\"b75e909\" data-element_type=\"widget\" data-widget_type=\"heading.default\">\n\t\t\t\t<div class=\"elementor-widget-container\">\n\t\t\t<h2 class=\"elementor-heading-title elementor-size-default\">V\u00fdchovn\u00e9 poradenstv\u00ed<\/h2>\t\t<\/div>\n\t\t\t\t<\/div>\n\t\t\t\t\t<\/div>\n\t\t<\/div>\n\t\t\t\t\t\t\t<\/div>\n\t\t<\/section>\n\t\t\t\t<section class=\"elementor-section elementor-top-section elementor-element elementor-element-30d356a elementor-section-boxed elementor-section-height-default elementor-section-height-default\" data-id=\"30d356a\" data-element_type=\"section\">\n\t\t\t\t\t\t<div class=\"elementor-container elementor-column-gap-default\">\n\t\t\t\t\t<div class=\"elementor-column elementor-col-100 elementor-top-column elementor-element elementor-element-dbb706b\" data-id=\"dbb706b\" data-element_type=\"column\">\n\t\t\t<div class=\"elementor-widget-wrap elementor-element-populated\">\n\t\t\t\t\t\t\t\t<div class=\"elementor-element elementor-element-2552232 elementor-widget elementor-widget-spacer\" data-id=\"2552232\" data-element_type=\"widget\" data-widget_type=\"spacer.default\">\n\t\t\t\t<div class=\"elementor-widget-container\">\n\t\t\t\t\t<div class=\"elementor-spacer\">\n\t\t\t<div class=\"elementor-spacer-inner\"><\/div>\n\t\t<\/div>\n\t\t\t\t<\/div>\n\t\t\t\t<\/div>\n\t\t\t\t\t<\/div>\n\t\t<\/div>\n\t\t\t\t\t\t\t<\/div>\n\t\t<\/section>\n\t\t\t\t<section class=\"elementor-section elementor-top-section elementor-element elementor-element-26e4e84 elementor-section-boxed elementor-section-height-default elementor-section-height-default\" data-id=\"26e4e84\" data-element_type=\"section\">\n\t\t\t\t\t\t<div class=\"elementor-container elementor-column-gap-default\">\n\t\t\t\t\t<div class=\"elementor-column elementor-col-100 elementor-top-column elementor-element elementor-element-6e659ed\" data-id=\"6e659ed\" data-element_type=\"column\">\n\t\t\t<div class=\"elementor-widget-wrap\">\n\t\t\t\t\t\t\t\t\t<\/div>\n\t\t<\/div>\n\t\t\t\t\t\t\t<\/div>\n\t\t<\/section>\n\t\t\t\t<section class=\"elementor-section elementor-top-section elementor-element elementor-element-d94fc20 elementor-section-boxed elementor-section-height-default elementor-section-height-default\" data-id=\"d94fc20\" data-element_type=\"section\">\n\t\t\t\t\t\t<div class=\"elementor-container elementor-column-gap-default\">\n\t\t\t\t\t<div class=\"elementor-column elementor-col-50 elementor-top-column elementor-element elementor-element-f5754b4\" data-id=\"f5754b4\" data-element_type=\"column\">\n\t\t\t<div class=\"elementor-widget-wrap elementor-element-populated\">\n\t\t\t\t\t\t\t\t<div class=\"elementor-element elementor-element-14fec9b elementor-widget elementor-widget-image\" data-id=\"14fec9b\" data-element_type=\"widget\" data-widget_type=\"image.default\">\n\t\t\t\t<div class=\"elementor-widget-container\">\n\t\t\t\t\t\t\t\t\t\t\t\t\t\t\t<img fetchpriority=\"high\" decoding=\"async\" width=\"300\" height=\"200\" src=\"https:\/\/www.zsplotiste.cz\/wp-content\/uploads\/2023\/07\/hands-g00a9151e4_1280-300x200.jpg\" class=\"attachment-medium size-medium wp-image-4986\" alt=\"\" srcset=\"https:\/\/www.zsplotiste.cz\/wp-content\/uploads\/2023\/07\/hands-g00a9151e4_1280-300x200.jpg 300w, https:\/\/www.zsplotiste.cz\/wp-content\/uploads\/2023\/07\/hands-g00a9151e4_1280-1024x682.jpg 1024w, https:\/\/www.zsplotiste.cz\/wp-content\/uploads\/2023\/07\/hands-g00a9151e4_1280.jpg 1280w, https:\/\/www.zsplotiste.cz\/wp-content\/uploads\/2023\/07\/hands-g00a9151e4_1280-150x100.jpg 150w, https:\/\/www.zsplotiste.cz\/wp-content\/uploads\/2023\/07\/hands-g00a9151e4_1280-768x510.jpg 768w\" sizes=\"(max-width: 300px) 100vw, 300px\" \/>\t\t\t\t\t\t\t\t\t\t\t\t\t\t\t<\/div>\n\t\t\t\t<\/div>\n\t\t\t\t\t<\/div>\n\t\t<\/div>\n\t\t\t\t<div class=\"elementor-column elementor-col-50 elementor-top-column elementor-element elementor-element-e6b66f6\" data-id=\"e6b66f6\" data-element_type=\"column\">\n\t\t\t<div class=\"elementor-widget-wrap elementor-element-populated\">\n\t\t\t\t\t\t\t\t<div class=\"elementor-element elementor-element-475df04 elementor-widget elementor-widget-text-editor\" data-id=\"475df04\" data-element_type=\"widget\" data-widget_type=\"text-editor.default\">\n\t\t\t\t<div class=\"elementor-widget-container\">\n\t\t\t\t\t\t\t<p>V\u00fdchovn\u00e1 poradkyn\u011b<\/p><p><strong>Mgr. Monika K\u0159\u00ed\u017eov\u00e1<\/strong><\/p><ul><li>+420 727 945 397, +420 495 211 736<\/li><li><a href=\"mailto:reditelka@zsplotiste.cz\">reditelka@zsplotiste.cz<\/a>\u00a0<\/li><\/ul><p><strong><span style=\"color: #6c6c6c; font-family: sans-serif; font-size: 14.8px;\">Konzulta\u010dn\u00ed hodiny pro \u017e\u00e1ky i rodi\u010de\u00a0<\/span><\/strong><strong style=\"color: #6c6c6c; font-family: sans-serif; font-size: 14.8px;\">po p\u0159edchoz\u00ed telefonick\u00e9 domluv\u011b.<\/strong><\/p>\t\t\t\t\t\t<\/div>\n\t\t\t\t<\/div>\n\t\t\t\t\t<\/div>\n\t\t<\/div>\n\t\t\t\t\t\t\t<\/div>\n\t\t<\/section>\n\t\t\t\t<section class=\"elementor-section elementor-top-section elementor-element elementor-element-41cc2f9 elementor-section-boxed elementor-section-height-default elementor-section-height-default\" data-id=\"41cc2f9\" data-element_type=\"section\">\n\t\t\t\t\t\t<div class=\"elementor-container elementor-column-gap-default\">\n\t\t\t\t\t<div class=\"elementor-column elementor-col-100 elementor-top-column elementor-element elementor-element-4eaeea9\" data-id=\"4eaeea9\" data-element_type=\"column\">\n\t\t\t<div class=\"elementor-widget-wrap elementor-element-populated\">\n\t\t\t\t\t\t\t\t<div class=\"elementor-element elementor-element-7862c82 elementor-widget elementor-widget-spacer\" data-id=\"7862c82\" data-element_type=\"widget\" data-widget_type=\"spacer.default\">\n\t\t\t\t<div class=\"elementor-widget-container\">\n\t\t\t\t\t<div class=\"elementor-spacer\">\n\t\t\t<div class=\"elementor-spacer-inner\"><\/div>\n\t\t<\/div>\n\t\t\t\t<\/div>\n\t\t\t\t<\/div>\n\t\t\t\t\t<\/div>\n\t\t<\/div>\n\t\t\t\t\t\t\t<\/div>\n\t\t<\/section>\n\t\t\t\t<section class=\"elementor-section elementor-top-section elementor-element elementor-element-db3cc00 elementor-section-boxed elementor-section-height-default elementor-section-height-default\" data-id=\"db3cc00\" data-element_type=\"section\">\n\t\t\t\t\t\t<div class=\"elementor-container elementor-column-gap-default\">\n\t\t\t\t\t<div class=\"elementor-column elementor-col-100 elementor-top-column elementor-element elementor-element-f5e8d87\" data-id=\"f5e8d87\" data-element_type=\"column\">\n\t\t\t<div class=\"elementor-widget-wrap elementor-element-populated\">\n\t\t\t\t\t\t\t\t<div class=\"elementor-element elementor-element-0095921 elementor-widget elementor-widget-text-editor\" data-id=\"0095921\" data-element_type=\"widget\" data-widget_type=\"text-editor.default\">\n\t\t\t\t<div class=\"elementor-widget-container\">\n\t\t\t\t\t\t\t<h3><strong>P\u0159\u00edj\u00edmac\u00ed \u0159\u00edzen\u00ed<\/strong><\/h3><p><a href=\"http:\/\/www.msmt.cz\/vzdelavani\/stredni-vzdelavani\/prijimani-na-stredni-skoly-a-konzervatore\" target=\"_blank\" rel=\"noopener\">Informace M\u0160MT k p\u0159ij\u00edmac\u00edmu \u0159\u00edzen\u00ed<\/a><\/p>\t\t\t\t\t\t<\/div>\n\t\t\t\t<\/div>\n\t\t\t\t\t<\/div>\n\t\t<\/div>\n\t\t\t\t\t\t\t<\/div>\n\t\t<\/section>\n\t\t\t\t\t\t\t<\/div>\n\t\t","protected":false},"excerpt":{"rendered":"<p>V\u00fdchovn\u00e9 poradenstv\u00ed V\u00fdchovn\u00e1 poradkyn\u011b Mgr. Monika K\u0159\u00ed\u017eov\u00e1 +420 727 945 397, +420 495 211 736 reditelka@zsplotiste.cz\u00a0 Konzulta\u010dn\u00ed hodiny pro \u017e\u00e1ky i rodi\u010de\u00a0po p\u0159edchoz\u00ed telefonick\u00e9 domluv\u011b. P\u0159\u00edj\u00edmac\u00ed \u0159\u00edzen\u00ed Informace M\u0160MT k p\u0159ij\u00edmac\u00edmu \u0159\u00edzen\u00ed<\/p>\n","protected":false},"author":1,"featured_media":0,"parent":0,"menu_order":0,"comment_status":"closed","ping_status":"closed","template":"","meta":{"footnotes":""},"class_list":["post-397","page","type-page","status-publish","hentry","odd"],"_links":{"self":[{"href":"https:\/\/www.zsplotiste.cz\/index.php?rest_route=\/wp\/v2\/pages\/397","targetHints":{"allow":["GET"]}}],"collection":[{"href":"https:\/\/www.zsplotiste.cz\/index.php?rest_route=\/wp\/v2\/pages"}],"about":[{"href":"https:\/\/www.zsplotiste.cz\/index.php?rest_route=\/wp\/v2\/types\/page"}],"author":[{"embeddable":true,"href":"https:\/\/www.zsplotiste.cz\/index.php?rest_route=\/wp\/v2\/users\/1"}],"replies":[{"embeddable":true,"href":"https:\/\/www.zsplotiste.cz\/index.php?rest_route=%2Fwp%2Fv2%2Fcomments&post=397"}],"version-history":[{"count":13,"href":"https:\/\/www.zsplotiste.cz\/index.php?rest_route=\/wp\/v2\/pages\/397\/revisions"}],"predecessor-version":[{"id":10126,"href":"https:\/\/www.zsplotiste.cz\/index.php?rest_route=\/wp\/v2\/pages\/397\/revisions\/10126"}],"wp:attachment":[{"href":"https:\/\/www.zsplotiste.cz\/index.php?rest_route=%2Fwp%2Fv2%2Fmedia&parent=397"}],"curies":[{"name":"wp","href":"https:\/\/api.w.org\/{rel}","templated":true}]}}