{"id":5096,"date":"2023-10-27T12:05:56","date_gmt":"2023-10-27T11:05:56","guid":{"rendered":"https:\/\/www.pocitacepardubice.cz\/?page_id=5096"},"modified":"2025-10-09T13:42:59","modified_gmt":"2025-10-09T12:42:59","slug":"potravinova-pomoc-detem-v-socialni-nouzi","status":"publish","type":"page","link":"https:\/\/www.zsplotiste.cz\/?page_id=5096","title":{"rendered":"Potravinov\u00e1 pomoc d\u011btem v soci\u00e1ln\u00ed nouzi"},"content":{"rendered":"\t\t<div data-elementor-type=\"wp-page\" data-elementor-id=\"5096\" class=\"elementor elementor-5096\">\n\t\t\t\t\t\t\t\t\t<section class=\"elementor-section elementor-top-section elementor-element elementor-element-363806e elementor-section-boxed elementor-section-height-default elementor-section-height-default\" data-id=\"363806e\" data-element_type=\"section\">\n\t\t\t\t\t\t<div class=\"elementor-container elementor-column-gap-default\">\n\t\t\t\t\t<div class=\"elementor-column elementor-col-100 elementor-top-column elementor-element elementor-element-e24b021\" data-id=\"e24b021\" data-element_type=\"column\">\n\t\t\t<div class=\"elementor-widget-wrap elementor-element-populated\">\n\t\t\t\t\t\t\t\t<div class=\"elementor-element elementor-element-599a846 elementor-widget elementor-widget-heading\" data-id=\"599a846\" data-element_type=\"widget\" data-widget_type=\"heading.default\">\n\t\t\t\t<div class=\"elementor-widget-container\">\n\t\t\t<h2 class=\"elementor-heading-title elementor-size-default\">Potravinov\u00e1 pomoc d\u011btem v soci\u00e1ln\u00ed nouzi<\/h2>\t\t<\/div>\n\t\t\t\t<\/div>\n\t\t\t\t\t<\/div>\n\t\t<\/div>\n\t\t\t\t\t\t\t<\/div>\n\t\t<\/section>\n\t\t\t\t<section class=\"elementor-section elementor-top-section elementor-element elementor-element-62f64f9 elementor-section-boxed elementor-section-height-default elementor-section-height-default\" data-id=\"62f64f9\" data-element_type=\"section\">\n\t\t\t\t\t\t<div class=\"elementor-container elementor-column-gap-default\">\n\t\t\t\t\t<div class=\"elementor-column elementor-col-100 elementor-top-column elementor-element elementor-element-519cccb\" data-id=\"519cccb\" data-element_type=\"column\">\n\t\t\t<div class=\"elementor-widget-wrap elementor-element-populated\">\n\t\t\t\t\t\t\t\t<div class=\"elementor-element elementor-element-052240b elementor-widget elementor-widget-spacer\" data-id=\"052240b\" data-element_type=\"widget\" data-widget_type=\"spacer.default\">\n\t\t\t\t<div class=\"elementor-widget-container\">\n\t\t\t\t\t<div class=\"elementor-spacer\">\n\t\t\t<div class=\"elementor-spacer-inner\"><\/div>\n\t\t<\/div>\n\t\t\t\t<\/div>\n\t\t\t\t<\/div>\n\t\t\t\t\t<\/div>\n\t\t<\/div>\n\t\t\t\t\t\t\t<\/div>\n\t\t<\/section>\n\t\t\t\t<section class=\"elementor-section elementor-top-section elementor-element elementor-element-781a418 elementor-section-boxed elementor-section-height-default elementor-section-height-default\" data-id=\"781a418\" data-element_type=\"section\">\n\t\t\t\t\t\t<div class=\"elementor-container elementor-column-gap-default\">\n\t\t\t\t\t<div class=\"elementor-column elementor-col-100 elementor-top-column elementor-element elementor-element-8fca4fe\" data-id=\"8fca4fe\" data-element_type=\"column\">\n\t\t\t<div class=\"elementor-widget-wrap elementor-element-populated\">\n\t\t\t\t\t\t\t\t<div class=\"elementor-element elementor-element-dad8603 elementor-widget elementor-widget-text-editor\" data-id=\"dad8603\" data-element_type=\"widget\" data-widget_type=\"text-editor.default\">\n\t\t\t\t<div class=\"elementor-widget-container\">\n\t\t\t\t\t\t\t<p><span class=\"TextRun SCXW257723503 BCX0\" lang=\"CS-CZ\" xml:lang=\"CS-CZ\" data-contrast=\"none\"><span class=\"NormalTextRun SCXW257723503 BCX0\">Na\u0161e \u0161kola je<\/span><span class=\"NormalTextRun SCXW257723503 BCX0\"> ji\u017e od roku 2017<\/span><span class=\"NormalTextRun SCXW257723503 BCX0\"> zapojena do <\/span><span class=\"NormalTextRun SCXW257723503 BCX0\">projektu Potravinov\u00e1 pomoc d\u011bt<\/span><span class=\"NormalTextRun SCXW257723503 BCX0\">em<\/span><span class=\"NormalTextRun SCXW257723503 BCX0\"> v soci\u00e1ln\u00ed nouzi<\/span><span class=\"NormalTextRun SCXW257723503 BCX0\"> v Kr\u00e1lov\u00e9hrade<\/span><span class=\"NormalTextRun SCXW257723503 BCX0\">ck\u00e9<\/span><span class=\"NormalTextRun SCXW257723503 BCX0\">m <\/span><span class=\"NormalTextRun ContextualSpellingAndGrammarErrorV2Themed SCXW257723503 BCX0\">kraji &#8211; ob\u011b<\/span><span class=\"NormalTextRun ContextualSpellingAndGrammarErrorV2Themed SCXW257723503 BCX0\">dy<\/span><span class=\"NormalTextRun SCXW257723503 BCX0\"> do \u0161kol.<\/span><\/span><\/p><p>\u00a0<\/p>\t\t\t\t\t\t<\/div>\n\t\t\t\t<\/div>\n\t\t\t\t\t<\/div>\n\t\t<\/div>\n\t\t\t\t\t\t\t<\/div>\n\t\t<\/section>\n\t\t\t\t<section class=\"elementor-section elementor-top-section elementor-element elementor-element-5e1a851 elementor-section-boxed elementor-section-height-default elementor-section-height-default\" data-id=\"5e1a851\" data-element_type=\"section\">\n\t\t\t\t\t\t<div class=\"elementor-container elementor-column-gap-default\">\n\t\t\t\t\t<div class=\"elementor-column elementor-col-100 elementor-top-column elementor-element elementor-element-e596c29\" data-id=\"e596c29\" data-element_type=\"column\">\n\t\t\t<div class=\"elementor-widget-wrap elementor-element-populated\">\n\t\t\t\t\t\t\t\t<div class=\"elementor-element elementor-element-4aad80e elementor-widget elementor-widget-image\" data-id=\"4aad80e\" data-element_type=\"widget\" data-widget_type=\"image.default\">\n\t\t\t\t<div class=\"elementor-widget-container\">\n\t\t\t\t\t\t\t\t\t\t\t\t\t\t\t<img fetchpriority=\"high\" decoding=\"async\" width=\"724\" height=\"1024\" src=\"https:\/\/www.zsplotiste.cz\/wp-content\/uploads\/2025\/10\/plakat-povinne-publicity-A3-724x1024.jpg\" class=\"attachment-large size-large wp-image-9217\" alt=\"\" srcset=\"https:\/\/www.zsplotiste.cz\/wp-content\/uploads\/2025\/10\/plakat-povinne-publicity-A3-724x1024.jpg 724w, https:\/\/www.zsplotiste.cz\/wp-content\/uploads\/2025\/10\/plakat-povinne-publicity-A3-212x300.jpg 212w, https:\/\/www.zsplotiste.cz\/wp-content\/uploads\/2025\/10\/plakat-povinne-publicity-A3-1086x1536.jpg 1086w, https:\/\/www.zsplotiste.cz\/wp-content\/uploads\/2025\/10\/plakat-povinne-publicity-A3-1448x2048.jpg 1448w, https:\/\/www.zsplotiste.cz\/wp-content\/uploads\/2025\/10\/plakat-povinne-publicity-A3-106x150.jpg 106w, https:\/\/www.zsplotiste.cz\/wp-content\/uploads\/2025\/10\/plakat-povinne-publicity-A3.jpg 1683w\" sizes=\"(max-width: 724px) 100vw, 724px\" \/>\t\t\t\t\t\t\t\t\t\t\t\t\t\t\t<\/div>\n\t\t\t\t<\/div>\n\t\t\t\t\t<\/div>\n\t\t<\/div>\n\t\t\t\t\t\t\t<\/div>\n\t\t<\/section>\n\t\t\t\t<section class=\"elementor-section elementor-top-section elementor-element elementor-element-b896611 elementor-section-boxed elementor-section-height-default elementor-section-height-default\" data-id=\"b896611\" data-element_type=\"section\">\n\t\t\t\t\t\t<div class=\"elementor-container elementor-column-gap-default\">\n\t\t\t\t\t<div class=\"elementor-column elementor-col-100 elementor-top-column elementor-element elementor-element-c7b50e4\" data-id=\"c7b50e4\" data-element_type=\"column\">\n\t\t\t<div class=\"elementor-widget-wrap elementor-element-populated\">\n\t\t\t\t\t\t\t\t<div class=\"elementor-element elementor-element-ff702e3 elementor-widget elementor-widget-spacer\" data-id=\"ff702e3\" data-element_type=\"widget\" data-widget_type=\"spacer.default\">\n\t\t\t\t<div class=\"elementor-widget-container\">\n\t\t\t\t\t<div class=\"elementor-spacer\">\n\t\t\t<div class=\"elementor-spacer-inner\"><\/div>\n\t\t<\/div>\n\t\t\t\t<\/div>\n\t\t\t\t<\/div>\n\t\t\t\t\t<\/div>\n\t\t<\/div>\n\t\t\t\t\t\t\t<\/div>\n\t\t<\/section>\n\t\t\t\t<section class=\"elementor-section elementor-top-section elementor-element elementor-element-bfd9141 elementor-section-boxed elementor-section-height-default elementor-section-height-default\" data-id=\"bfd9141\" data-element_type=\"section\">\n\t\t\t\t\t\t<div class=\"elementor-container elementor-column-gap-default\">\n\t\t\t\t\t<div class=\"elementor-column elementor-col-100 elementor-top-column elementor-element elementor-element-bc2bd79\" data-id=\"bc2bd79\" data-element_type=\"column\">\n\t\t\t<div class=\"elementor-widget-wrap elementor-element-populated\">\n\t\t\t\t\t\t\t\t<div class=\"elementor-element elementor-element-1e30463 elementor-widget elementor-widget-image\" data-id=\"1e30463\" data-element_type=\"widget\" data-widget_type=\"image.default\">\n\t\t\t\t<div class=\"elementor-widget-container\">\n\t\t\t\t\t\t\t\t\t\t\t\t\t\t\t<img decoding=\"async\" width=\"768\" height=\"1024\" src=\"https:\/\/www.zsplotiste.cz\/wp-content\/uploads\/2024\/01\/publicita-plakat-scaled-768x1024.jpg\" class=\"attachment-large size-large wp-image-5438\" alt=\"\" srcset=\"https:\/\/www.zsplotiste.cz\/wp-content\/uploads\/2024\/01\/publicita-plakat-scaled-768x1024.jpg 768w, https:\/\/www.zsplotiste.cz\/wp-content\/uploads\/2024\/01\/publicita-plakat-scaled-225x300.jpg 225w, https:\/\/www.zsplotiste.cz\/wp-content\/uploads\/2024\/01\/publicita-plakat-scaled-1152x1536.jpg 1152w, https:\/\/www.zsplotiste.cz\/wp-content\/uploads\/2024\/01\/publicita-plakat-scaled-1536x2048.jpg 1536w, https:\/\/www.zsplotiste.cz\/wp-content\/uploads\/2024\/01\/publicita-plakat-scaled-113x150.jpg 113w, https:\/\/www.zsplotiste.cz\/wp-content\/uploads\/2024\/01\/publicita-plakat-scaled.jpg 1920w\" sizes=\"(max-width: 768px) 100vw, 768px\" \/>\t\t\t\t\t\t\t\t\t\t\t\t\t\t\t<\/div>\n\t\t\t\t<\/div>\n\t\t\t\t<div class=\"elementor-element elementor-element-7f13868 elementor-widget elementor-widget-image\" data-id=\"7f13868\" data-element_type=\"widget\" data-widget_type=\"image.default\">\n\t\t\t\t<div class=\"elementor-widget-container\">\n\t\t\t\t\t\t\t\t\t\t\t\t\t\t\t<img decoding=\"async\" src=\"https:\/\/www.zsplotiste.cz\/wp-content\/uploads\/2025\/10\/plakat-povinne-publicity-A3.pdf\" title=\"\" alt=\"\" loading=\"lazy\" \/>\t\t\t\t\t\t\t\t\t\t\t\t\t\t\t<\/div>\n\t\t\t\t<\/div>\n\t\t\t\t\t<\/div>\n\t\t<\/div>\n\t\t\t\t\t\t\t<\/div>\n\t\t<\/section>\n\t\t\t\t\t\t\t<\/div>\n\t\t","protected":false},"excerpt":{"rendered":"<p>Potravinov\u00e1 pomoc d\u011btem v soci\u00e1ln\u00ed nouzi Na\u0161e \u0161kola je ji\u017e od roku 2017 zapojena do projektu Potravinov\u00e1 pomoc d\u011btem v soci\u00e1ln\u00ed nouzi v Kr\u00e1lov\u00e9hradeck\u00e9m kraji &#8211; ob\u011bdy do \u0161kol. \u00a0<\/p>\n","protected":false},"author":1,"featured_media":0,"parent":0,"menu_order":0,"comment_status":"closed","ping_status":"closed","template":"","meta":{"footnotes":""},"class_list":["post-5096","page","type-page","status-publish","hentry","odd"],"_links":{"self":[{"href":"https:\/\/www.zsplotiste.cz\/index.php?rest_route=\/wp\/v2\/pages\/5096","targetHints":{"allow":["GET"]}}],"collection":[{"href":"https:\/\/www.zsplotiste.cz\/index.php?rest_route=\/wp\/v2\/pages"}],"about":[{"href":"https:\/\/www.zsplotiste.cz\/index.php?rest_route=\/wp\/v2\/types\/page"}],"author":[{"embeddable":true,"href":"https:\/\/www.zsplotiste.cz\/index.php?rest_route=\/wp\/v2\/users\/1"}],"replies":[{"embeddable":true,"href":"https:\/\/www.zsplotiste.cz\/index.php?rest_route=%2Fwp%2Fv2%2Fcomments&post=5096"}],"version-history":[{"count":13,"href":"https:\/\/www.zsplotiste.cz\/index.php?rest_route=\/wp\/v2\/pages\/5096\/revisions"}],"predecessor-version":[{"id":9220,"href":"https:\/\/www.zsplotiste.cz\/index.php?rest_route=\/wp\/v2\/pages\/5096\/revisions\/9220"}],"wp:attachment":[{"href":"https:\/\/www.zsplotiste.cz\/index.php?rest_route=%2Fwp%2Fv2%2Fmedia&parent=5096"}],"curies":[{"name":"wp","href":"https:\/\/api.w.org\/{rel}","templated":true}]}}