{"id":5105,"date":"2023-10-27T13:08:54","date_gmt":"2023-10-27T12:08:54","guid":{"rendered":"https:\/\/www.pocitacepardubice.cz\/?page_id=5105"},"modified":"2025-12-18T08:05:19","modified_gmt":"2025-12-18T07:05:19","slug":"skolni-druzina","status":"publish","type":"page","link":"https:\/\/www.zsplotiste.cz\/?page_id=5105","title":{"rendered":"\u0160koln\u00ed dru\u017eina"},"content":{"rendered":"\t\t<div data-elementor-type=\"wp-page\" data-elementor-id=\"5105\" class=\"elementor elementor-5105\">\n\t\t\t\t\t\t\t\t\t<section class=\"elementor-section elementor-top-section elementor-element elementor-element-d418a62 elementor-section-boxed elementor-section-height-default elementor-section-height-default\" data-id=\"d418a62\" data-element_type=\"section\">\n\t\t\t\t\t\t<div class=\"elementor-container elementor-column-gap-default\">\n\t\t\t\t\t<div class=\"elementor-column elementor-col-100 elementor-top-column elementor-element elementor-element-2db20e5\" data-id=\"2db20e5\" data-element_type=\"column\">\n\t\t\t<div class=\"elementor-widget-wrap elementor-element-populated\">\n\t\t\t\t\t\t\t\t<div class=\"elementor-element elementor-element-b75e909 elementor-widget elementor-widget-heading\" data-id=\"b75e909\" data-element_type=\"widget\" data-widget_type=\"heading.default\">\n\t\t\t\t<div class=\"elementor-widget-container\">\n\t\t\t<h2 class=\"elementor-heading-title elementor-size-default\">\u0160koln\u00ed dru\u017eina<\/h2>\t\t<\/div>\n\t\t\t\t<\/div>\n\t\t\t\t\t<\/div>\n\t\t<\/div>\n\t\t\t\t\t\t\t<\/div>\n\t\t<\/section>\n\t\t\t\t<section class=\"elementor-section elementor-top-section elementor-element elementor-element-30d356a elementor-section-boxed elementor-section-height-default elementor-section-height-default\" data-id=\"30d356a\" data-element_type=\"section\">\n\t\t\t\t\t\t<div class=\"elementor-container elementor-column-gap-default\">\n\t\t\t\t\t<div class=\"elementor-column elementor-col-100 elementor-top-column elementor-element elementor-element-dbb706b\" data-id=\"dbb706b\" data-element_type=\"column\">\n\t\t\t<div class=\"elementor-widget-wrap elementor-element-populated\">\n\t\t\t\t\t\t\t\t<div class=\"elementor-element elementor-element-2552232 elementor-widget elementor-widget-spacer\" data-id=\"2552232\" data-element_type=\"widget\" data-widget_type=\"spacer.default\">\n\t\t\t\t<div class=\"elementor-widget-container\">\n\t\t\t\t\t<div class=\"elementor-spacer\">\n\t\t\t<div class=\"elementor-spacer-inner\"><\/div>\n\t\t<\/div>\n\t\t\t\t<\/div>\n\t\t\t\t<\/div>\n\t\t\t\t\t<\/div>\n\t\t<\/div>\n\t\t\t\t\t\t\t<\/div>\n\t\t<\/section>\n\t\t\t\t<section class=\"elementor-section elementor-top-section elementor-element elementor-element-d94fc20 elementor-section-boxed elementor-section-height-default elementor-section-height-default\" data-id=\"d94fc20\" data-element_type=\"section\">\n\t\t\t\t\t\t<div class=\"elementor-container elementor-column-gap-default\">\n\t\t\t\t\t<div class=\"elementor-column elementor-col-50 elementor-top-column elementor-element elementor-element-f5754b4\" data-id=\"f5754b4\" data-element_type=\"column\">\n\t\t\t<div class=\"elementor-widget-wrap elementor-element-populated\">\n\t\t\t\t\t\t\t\t<div class=\"elementor-element elementor-element-14fec9b elementor-widget elementor-widget-image\" data-id=\"14fec9b\" data-element_type=\"widget\" data-widget_type=\"image.default\">\n\t\t\t\t<div class=\"elementor-widget-container\">\n\t\t\t\t\t\t\t\t\t\t\t\t\t\t\t<img fetchpriority=\"high\" decoding=\"async\" width=\"300\" height=\"200\" src=\"https:\/\/www.zsplotiste.cz\/wp-content\/uploads\/2023\/10\/child-1864718_1920-300x200.jpg\" class=\"attachment-medium size-medium wp-image-5089\" alt=\"\" srcset=\"https:\/\/www.zsplotiste.cz\/wp-content\/uploads\/2023\/10\/child-1864718_1920-300x200.jpg 300w, https:\/\/www.zsplotiste.cz\/wp-content\/uploads\/2023\/10\/child-1864718_1920-1024x683.jpg 1024w, https:\/\/www.zsplotiste.cz\/wp-content\/uploads\/2023\/10\/child-1864718_1920-1536x1024.jpg 1536w, https:\/\/www.zsplotiste.cz\/wp-content\/uploads\/2023\/10\/child-1864718_1920.jpg 1920w, https:\/\/www.zsplotiste.cz\/wp-content\/uploads\/2023\/10\/child-1864718_1920-150x100.jpg 150w, https:\/\/www.zsplotiste.cz\/wp-content\/uploads\/2023\/10\/child-1864718_1920-768x510.jpg 768w\" sizes=\"(max-width: 300px) 100vw, 300px\" \/>\t\t\t\t\t\t\t\t\t\t\t\t\t\t\t<\/div>\n\t\t\t\t<\/div>\n\t\t\t\t\t<\/div>\n\t\t<\/div>\n\t\t\t\t<div class=\"elementor-column elementor-col-50 elementor-top-column elementor-element elementor-element-e6b66f6\" data-id=\"e6b66f6\" data-element_type=\"column\">\n\t\t\t<div class=\"elementor-widget-wrap elementor-element-populated\">\n\t\t\t\t\t\t\t\t<div class=\"elementor-element elementor-element-475df04 elementor-widget elementor-widget-text-editor\" data-id=\"475df04\" data-element_type=\"widget\" data-widget_type=\"text-editor.default\">\n\t\t\t\t<div class=\"elementor-widget-container\">\n\t\t\t\t\t\t\t<p><span style=\"letter-spacing: 0px;\">Vychovatelky \u0161koln\u00ed dru\u017einy<\/span><\/p>\n<p><strong style=\"letter-spacing: 0px;\">Petra Boguschov\u00e1 &#8211; vedouc\u00ed vychovatelka<\/strong><\/p>\n<ul>\n<li>+420 773 287 108&nbsp;<\/li>\n<li>\n<div>\n<div>\n<div>\n<div data-automation-id=\"userPrincipalName\"><a href=\"mailto:jirkova@zsplotiste.cz\">boguschov\u00e1@zsplotiste.cz<\/a><\/div>\n<\/div>\n<\/div>\n<\/div>\n<\/li>\n<\/ul>\n<div data-automation-id=\"userPrincipalName\"><strong style=\"letter-spacing: 0px;\">Nat\u00e1lie Klubrtov\u00e1<\/strong><\/div>\n<ul>\n<li>+420 773 287 108<\/li>\n<li>\n<div>\n<div>\n<div>\n<div data-automation-id=\"userPrincipalName\">\n<div>\n<div>\n<div>\n<div data-automation-id=\"userPrincipalName\">\n<div>\n<div>\n<div>\n<div data-automation-id=\"userPrincipalName\"><a href=\"mailto:klubrtova@zsplotiste.cz\">klubrtova@zsplotiste<\/a><\/div>\n<\/div>\n<div data-automation-id=\"userPrincipalName\">&nbsp;<\/div>\n<\/div>\n<\/div>\n<\/div>\n<\/div>\n<\/div>\n<\/div>\n<\/div>\n<\/div>\n<\/div>\n<\/div>\n<\/li>\n<\/ul>\n<div><strong style=\"letter-spacing: 0px;\">Kl\u00e1ra Boguschov\u00e1<\/strong><\/div>\n<ul>\n<li>+420 773 287 108&nbsp;<\/li>\n<li>\n<div>\n<div>\n<div>\n<div data-automation-id=\"userPrincipalName\">\n<div>\n<div>\n<div>\n<div data-automation-id=\"userPrincipalName\"><a href=\"mailto:boguschova@zsplotiste.cz\">kboguschova@zsplotiste.cz<\/a><\/div>\n<\/div>\n<\/div>\n<\/div>\n<\/div>\n<\/div>\n<\/div>\n<\/div>\n<\/li>\n<\/ul>\n<div>\n<p><b>Mgr. Tereza Hlav\u00e1\u010dov\u00e1<\/b><\/p>\n<ul>\n<li>+420 773 287 108&nbsp;<\/li>\n<li>\n<div data-automation-id=\"userPrincipalName\">\n<div data-automation-id=\"userPrincipalName\"><a href=\"mailto:boguschova@zsplotiste.cz\">thlavacova@zsplotiste.cz<\/a><\/div>\n<\/div>\n<\/li>\n<\/ul>\n<\/div>\n<div>&nbsp;<\/div>\t\t\t\t\t\t<\/div>\n\t\t\t\t<\/div>\n\t\t\t\t\t<\/div>\n\t\t<\/div>\n\t\t\t\t\t\t\t<\/div>\n\t\t<\/section>\n\t\t\t\t<section class=\"elementor-section elementor-top-section elementor-element elementor-element-41cc2f9 elementor-section-boxed elementor-section-height-default elementor-section-height-default\" data-id=\"41cc2f9\" data-element_type=\"section\">\n\t\t\t\t\t\t<div class=\"elementor-container elementor-column-gap-default\">\n\t\t\t\t\t<div class=\"elementor-column elementor-col-100 elementor-top-column elementor-element elementor-element-4eaeea9\" data-id=\"4eaeea9\" data-element_type=\"column\">\n\t\t\t<div class=\"elementor-widget-wrap elementor-element-populated\">\n\t\t\t\t\t\t\t\t<div class=\"elementor-element elementor-element-7862c82 elementor-widget elementor-widget-spacer\" data-id=\"7862c82\" data-element_type=\"widget\" data-widget_type=\"spacer.default\">\n\t\t\t\t<div class=\"elementor-widget-container\">\n\t\t\t\t\t<div class=\"elementor-spacer\">\n\t\t\t<div class=\"elementor-spacer-inner\"><\/div>\n\t\t<\/div>\n\t\t\t\t<\/div>\n\t\t\t\t<\/div>\n\t\t\t\t\t<\/div>\n\t\t<\/div>\n\t\t\t\t\t\t\t<\/div>\n\t\t<\/section>\n\t\t\t\t<section class=\"elementor-section elementor-top-section elementor-element elementor-element-551f56c elementor-section-boxed elementor-section-height-default elementor-section-height-default\" data-id=\"551f56c\" data-element_type=\"section\">\n\t\t\t\t\t\t<div class=\"elementor-container elementor-column-gap-default\">\n\t\t\t\t\t<div class=\"elementor-column elementor-col-100 elementor-top-column elementor-element elementor-element-8f8f04d\" data-id=\"8f8f04d\" data-element_type=\"column\">\n\t\t\t<div class=\"elementor-widget-wrap elementor-element-populated\">\n\t\t\t\t\t\t\t\t<div class=\"elementor-element elementor-element-87ef7ce elementor-widget__width-initial elementor-widget elementor-widget-text-editor\" data-id=\"87ef7ce\" data-element_type=\"widget\" data-widget_type=\"text-editor.default\">\n\t\t\t\t<div class=\"elementor-widget-container\">\n\t\t\t\t\t\t\t<p><span style=\"font-weight: 400;\">\u00daplata za z\u00e1jmov\u00e9 vzd\u011bl\u00e1v\u00e1n\u00ed&nbsp;<\/span><\/p>\n<p><span style=\"font-weight: 400;\">Z\u0159izovatelem byla&nbsp;<\/span><span style=\"letter-spacing: 0px;\">stanovena jednotn\u00e1 \u00faplata za z\u00e1jmov\u00e9 vzd\u011bl\u00e1v\u00e1n\u00ed v z\u00e1kladn\u00edch \u0161kol\u00e1ch, jejich\u017e \u010dinnost vykon\u00e1vaj\u00ed p\u0159\u00edsp\u011bvkov\u00e9 organizace z\u0159izovan\u00e9 Statut\u00e1rn\u00edm m\u011bstem Hradec Kr\u00e1lov\u00e9.&nbsp;<\/span><\/p><p><strong><span style=\"letter-spacing: 0px;\">V\u00fd\u0161e \u00faplaty za \u0161koln\u00ed dru\u017einu je stanovena pro \u0161koln\u00ed rok 2025\/2026 ve v\u00fd\u0161i 300 K\u010d na d\u00edt\u011b\/m\u011bs\u00edc.<\/span><\/strong><\/p>\t\t\t\t\t\t<\/div>\n\t\t\t\t<\/div>\n\t\t\t\t\t<\/div>\n\t\t<\/div>\n\t\t\t\t\t\t\t<\/div>\n\t\t<\/section>\n\t\t\t\t<section class=\"elementor-section elementor-top-section elementor-element elementor-element-6de7fc8 elementor-section-boxed elementor-section-height-default elementor-section-height-default\" data-id=\"6de7fc8\" data-element_type=\"section\">\n\t\t\t\t\t\t<div class=\"elementor-container elementor-column-gap-default\">\n\t\t\t\t\t<div class=\"elementor-column elementor-col-100 elementor-top-column elementor-element elementor-element-7ddde9d\" data-id=\"7ddde9d\" data-element_type=\"column\">\n\t\t\t<div class=\"elementor-widget-wrap elementor-element-populated\">\n\t\t\t\t\t\t\t\t<div class=\"elementor-element elementor-element-92c4b70 elementor-widget elementor-widget-spacer\" data-id=\"92c4b70\" data-element_type=\"widget\" data-widget_type=\"spacer.default\">\n\t\t\t\t<div class=\"elementor-widget-container\">\n\t\t\t\t\t<div class=\"elementor-spacer\">\n\t\t\t<div class=\"elementor-spacer-inner\"><\/div>\n\t\t<\/div>\n\t\t\t\t<\/div>\n\t\t\t\t<\/div>\n\t\t\t\t\t<\/div>\n\t\t<\/div>\n\t\t\t\t\t\t\t<\/div>\n\t\t<\/section>\n\t\t\t\t<section class=\"elementor-section elementor-top-section elementor-element elementor-element-7fdd884 elementor-section-boxed elementor-section-height-default elementor-section-height-default\" data-id=\"7fdd884\" data-element_type=\"section\">\n\t\t\t\t\t\t<div class=\"elementor-container elementor-column-gap-default\">\n\t\t\t\t\t<div class=\"elementor-column elementor-col-100 elementor-top-column elementor-element elementor-element-3ab745e\" data-id=\"3ab745e\" data-element_type=\"column\">\n\t\t\t<div class=\"elementor-widget-wrap elementor-element-populated\">\n\t\t\t\t\t\t\t\t<div class=\"elementor-element elementor-element-10b14c1 elementor-widget elementor-widget-heading\" data-id=\"10b14c1\" data-element_type=\"widget\" data-widget_type=\"heading.default\">\n\t\t\t\t<div class=\"elementor-widget-container\">\n\t\t\t<h3 class=\"elementor-heading-title elementor-size-default\">Organizace a provoz \u0161koln\u00ed dru\u017einy ve \u0161koln\u00edm roce 2025 - 26<\/h3>\t\t<\/div>\n\t\t\t\t<\/div>\n\t\t\t\t\t<\/div>\n\t\t<\/div>\n\t\t\t\t\t\t\t<\/div>\n\t\t<\/section>\n\t\t\t\t<section class=\"elementor-section elementor-top-section elementor-element elementor-element-7d4f328 elementor-section-boxed elementor-section-height-default elementor-section-height-default\" data-id=\"7d4f328\" data-element_type=\"section\">\n\t\t\t\t\t\t<div class=\"elementor-container elementor-column-gap-default\">\n\t\t\t\t\t<div class=\"elementor-column elementor-col-100 elementor-top-column elementor-element elementor-element-ba9eb01\" data-id=\"ba9eb01\" data-element_type=\"column\">\n\t\t\t<div class=\"elementor-widget-wrap elementor-element-populated\">\n\t\t\t\t\t\t\t\t<div class=\"elementor-element elementor-element-7ad2b32 elementor-widget__width-initial elementor-widget elementor-widget-text-editor\" data-id=\"7ad2b32\" data-element_type=\"widget\" data-widget_type=\"text-editor.default\">\n\t\t\t\t<div class=\"elementor-widget-container\">\n\t\t\t\t\t\t\t<p style=\"text-indent: 0px;\"><b style=\"letter-spacing: 0px; text-indent: -18pt;\">P\u0159ihla\u0161ov\u00e1n\u00ed, odhla\u0161ov\u00e1n\u00ed \u017e\u00e1ka<\/b><\/p><p>\u0160koln\u00ed dru\u017eina je ur\u010dena \u017e\u00e1k\u016fm prvn\u00edho stupn\u011b. P\u0159ednostn\u011b budou p\u0159ij\u00edm\u00e1ni do napln\u011bn\u00ed kapacity mlad\u0161\u00ed \u017e\u00e1ci, konkr\u00e9tn\u011b \u017e\u00e1ci 1., 2. a 3. t\u0159\u00eddy. Kapacita jednoho odd\u011blen\u00ed je 30 d\u011bt\u00ed. D\u00edt\u011b je do \u0160D p\u0159ijato na z\u00e1klad\u011b \u017e\u00e1dosti rodi\u010d\u016f a vypln\u011bn\u00ed z\u00e1pisn\u00edho l\u00edstku. Rodi\u010de p\u0159isp\u00edvaj\u00ed na provoz \u0160D 300,- K\u010d m\u011bs\u00ed\u010dn\u011b. P\u0159\u00edsp\u011bvek se plat\u00ed \u00fahrnn\u011b za obdob\u00ed z\u00e1\u0159\u00ed a\u017e prosinec a leden a\u017e \u010derven. Do \u0161koln\u00ed dru\u017einy mohou na omezenou dobu chodit d\u011bti, kter\u00e9 do n\u00ed nejsou p\u0159ihl\u00e1\u0161eny. D\u011bje se tak nap\u0159. v dob\u011b mezi dopoledn\u00edm a odpoledn\u00edm vyu\u010dov\u00e1n\u00edm nebo mezi dopoledn\u00edm vyu\u010dov\u00e1n\u00edm a z\u00e1jmov\u00fdm krou\u017ekem. Rodi\u010de ozn\u00e1m\u00ed tento po\u017eadavek p\u00edsemn\u011b formou prohl\u00e1\u0161en\u00ed. Tato doch\u00e1zka do \u0160D je bezplatn\u00e1. Odhl\u00e1\u0161en\u00ed \u017e\u00e1ka z doch\u00e1zky do \u010dinnost\u00ed \u0161koln\u00ed dru\u017einy ozn\u00e1m\u00ed rodi\u010de p\u00edsemnou formou vedouc\u00ed vychovatelce \u0160D. O vylou\u010den\u00ed z doch\u00e1zky do \u0160D rozhodne \u0159editel \u0161koly na z\u00e1klad\u011b n\u00e1vrhu vedouc\u00ed vychovatelky \u0160D a po projedn\u00e1n\u00ed v pedagogick\u00e9 rad\u011b. Rozhodnut\u00ed o vylou\u010den\u00ed ze \u0160D sd\u011bl\u00ed \u0159editel \u0161koly rodi\u010d\u016fm \u017e\u00e1ka p\u00edsemn\u011b s pat\u0159i\u010dn\u00fdm zd\u016fvodn\u011bn\u00edm.\u00a0<\/p><p style=\"text-indent: -18.0pt; mso-list: l0 level1 lfo1;\"><b><span style=\"font-variant-numeric: normal; font-variant-east-asian: normal; font-variant-alternates: normal; font-kerning: auto; font-optical-sizing: auto; font-feature-settings: normal; font-variation-settings: normal; font-variant-position: normal; font-weight: normal; font-stretch: normal; font-size: 7pt; line-height: normal; font-family: 'Times New Roman';\">\u00a0 \u00a0 \u00a0 \u00a0 \u00a0\u00a0<\/span><\/b><!--[endif]--><b>Provoz \u0161koln\u00ed dru\u017einy<\/b><\/p><p>Rann\u00ed dru\u017eina je otev\u0159ena od 6:30 do 7:30. Od 7:30-7:40 ji\u017e d\u011bti \u010dekaj\u00ed na otev\u0159en\u00ed \u0161koly v 7:40, kdy se \u0161kola otev\u00edr\u00e1 pro v\u0161echny \u017e\u00e1ky. Odpoledn\u00ed dru\u017eina za\u010d\u00edn\u00e1 v 11:40. Vychovatelka p\u0159eb\u00edr\u00e1 d\u011bti od u\u010ditelky a odv\u00e1d\u00ed je na ob\u011bd. Provoz \u0160D kon\u010d\u00ed v 16:30. Odd\u011blen\u00ed \u0160D se spojuj\u00ed ka\u017ed\u00fd den v 15:30 do prostor prvn\u00edho odd\u011blen\u00ed. Do t\u00e9 doby \u010dinnosti prob\u00edhaj\u00ed ve \u010dty\u0159ech odd\u011blen\u00edch, nebo na \u0161koln\u00ed zahrad\u011b. \u010cinnost slou\u010den\u00e9ho odd\u011blen\u00ed zaji\u0161\u0165uje\u00a0\u00a0 vychovatelka s pracovn\u00ed dobou do 16:30.\u00a0\u00a0<\/p><p style=\"text-indent: -18.0pt; mso-list: l0 level1 lfo1;\"><b>\u00a0 \u00a0 \u00a0 Doch\u00e1zka do \u0160D<\/b><\/p><p>Budova \u0161koly je zp\u0159\u00edstupn\u011bna \u017e\u00e1k\u016fm k doch\u00e1zce do \u010dinnost\u00ed \u0160D v rann\u00edm provozu od 6:30 do 7:30. Odpoledn\u00ed dru\u017eina prob\u00edh\u00e1 od 11:40 do 16:30. Doch\u00e1zka p\u0159ihl\u00e1\u0161en\u00fdch d\u011bt\u00ed je povinn\u00e1. Ka\u017edou nep\u0159\u00edtomnost d\u00edt\u011bte je pot\u0159eba p\u00edsemn\u011b omluvit vychovatelce.\u00a0 Vychovatelka se p\u0159i propou\u0161t\u011bn\u00ed d\u011bt\u00ed \u0159\u00edd\u00ed vyj\u00e1d\u0159en\u00edm rodi\u010d\u016f v z\u00e1pisn\u00edm l\u00edstku. Rodi\u010de stanov\u00ed hodinu a osobu, kter\u00e1 bude d\u00edt\u011b vyzved\u00e1vat, pop\u0159. kdy bude d\u00edt\u011b odch\u00e1zet samo. P\u0159ej\u00ed-li si rodi\u010de zm\u011bnu tohoto ustanoven\u00ed, daj\u00ed o tom vychovatelce p\u00edsemnou zpr\u00e1vu. Re\u017eim vyzved\u00e1v\u00e1n\u00ed \u017e\u00e1ka z \u010dinnost\u00ed \u0160D \u2013 rodi\u010de nebo jin\u00e9 osoby uveden\u00e9 v z\u00e1pisn\u00edm l\u00edstku. V p\u0159\u00edpad\u011b, \u017ee d\u00edt\u011b z\u016fstane ve \u0161koln\u00ed dru\u017ein\u011b po 16:30 vychovatelka telefonicky zkontaktuje rodi\u010de. Nebude-li mo\u017en\u00e9 domluvit se na dal\u0161\u00edm postupu, obr\u00e1t\u00ed se vychovatelka na Policii \u010cR.<\/p><p style=\"text-indent: -18.0pt; mso-list: l0 level1 lfo1;\"><b>\u00a0 \u00a0 \u00a0 Bezpe\u010dnost a ochrana zdrav\u00ed \u017e\u00e1k\u016f \u0160D<\/b><\/p><p>B\u011bhem pobytu ve \u0161koln\u00ed dru\u017ein\u011b d\u00edt\u011b nesm\u00ed opustit \u0161koln\u00ed budovu nebo prostory, kde se zdr\u017eujeme (zahrada, h\u0159i\u0161t\u011b). Vychovatelka ru\u010d\u00ed za bezpe\u010dnost d\u011bt\u00ed p\u0159i v\u0161ech aktivit\u00e1ch \u0161koln\u00ed dru\u017einy. Vede d\u011bti k takov\u00e9mu chov\u00e1n\u00ed, kter\u00e9 neohro\u017euje ani je samotn\u00e9, ani ostatn\u00ed. Vznikl\u00e9 probl\u00e9my d\u011bti nahla\u0161uj\u00ed co nejd\u0159\u00edve vychovatelce v z\u00e1jmu sv\u00e9 ochrany a vytv\u00e1\u0159en\u00ed spokojen\u00e9 atmosf\u00e9ry v kolektivu d\u011bt\u00ed. Se za\u0159\u00edzen\u00edm \u0160D zach\u00e1zej\u00ed d\u011bti \u0161etrn\u011b, a ka\u017edou zp\u016fsobenou \u0161kodu \u010di ztr\u00e1tu ihned nahl\u00e1s\u00ed vychovatelce.<\/p><p style=\"text-indent: -18.0pt; mso-list: l0 level1 lfo1;\"><b>\u00a0 \u00a0 \u00a0 <\/b><b style=\"letter-spacing: 0px;\">Re\u017eim \u0161koln\u00ed dru\u017einy<\/b><\/p><p>6:30 \u2013 7:30 p\u0159ev\u00e1\u017en\u011b odpo\u010dinkov\u00e1 \u010dinnost, klidov\u00e9 hry, stoln\u00ed hry, hra\u010dky, malov\u00e1n\u00ed, slovn\u00ed hry, vypr\u00e1v\u011bn\u00ed, poslech poh\u00e1dek<\/p><p>11:40 \u2013 13:00 osobn\u00ed hygiena, ob\u011bd, voln\u00e1 \u010dinnost, pobyt na zahrad\u011b<\/p><p>13:00 \u2013 15:00 \u010dinnost z\u00e1jmov\u00e1, aktivity dle t\u00fddenn\u00edho pl\u00e1nu, z\u00e1jmov\u00e9 krou\u017eky<\/p><p><span style=\"letter-spacing: 0px;\">15:00 \u2013 16:30 osobn\u00ed hygiena, sva\u010dina, rekrea\u010dn\u00ed \u010dinnost, \u00faklid herny,\u00a0<\/span><span style=\"letter-spacing: 0px;\">postupn\u00fd odchod d\u011bt\u00ed<\/span><\/p><p>15:30 &#8211; odchod do prostor prvn\u00edho odd\u011blen\u00ed<span style=\"letter-spacing: 0px;\"><br \/><\/span><\/p>\t\t\t\t\t\t<\/div>\n\t\t\t\t<\/div>\n\t\t\t\t\t<\/div>\n\t\t<\/div>\n\t\t\t\t\t\t\t<\/div>\n\t\t<\/section>\n\t\t\t\t<section class=\"elementor-section elementor-top-section elementor-element elementor-element-9653ad4 elementor-section-boxed elementor-section-height-default elementor-section-height-default\" data-id=\"9653ad4\" data-element_type=\"section\">\n\t\t\t\t\t\t<div class=\"elementor-container elementor-column-gap-default\">\n\t\t\t\t\t<div class=\"elementor-column elementor-col-100 elementor-top-column elementor-element elementor-element-094568c\" data-id=\"094568c\" data-element_type=\"column\">\n\t\t\t<div class=\"elementor-widget-wrap elementor-element-populated\">\n\t\t\t\t\t\t\t\t<div class=\"elementor-element elementor-element-4ff3e8b elementor-widget elementor-widget-heading\" data-id=\"4ff3e8b\" data-element_type=\"widget\" data-widget_type=\"heading.default\">\n\t\t\t\t<div class=\"elementor-widget-container\">\n\t\t\t<h5 class=\"elementor-heading-title elementor-size-default\">Vnit\u0159n\u00ed \u0159\u00e1d \u0161koln\u00ed dru\u017einy ke sta\u017een\u00ed ZDE<\/h5>\t\t<\/div>\n\t\t\t\t<\/div>\n\t\t\t\t\t<\/div>\n\t\t<\/div>\n\t\t\t\t\t\t\t<\/div>\n\t\t<\/section>\n\t\t\t\t\t\t\t<\/div>\n\t\t","protected":false},"excerpt":{"rendered":"<p>\u0160koln\u00ed dru\u017eina Vychovatelky \u0161koln\u00ed dru\u017einy Petra Boguschov\u00e1 &#8211; vedouc\u00ed vychovatelka +420 773 287 108&nbsp; boguschov\u00e1@zsplotiste.cz Nat\u00e1lie Klubrtov\u00e1 +420 773 287 108 klubrtova@zsplotiste &nbsp; Kl\u00e1ra Boguschov\u00e1 +420 773 287 108&nbsp; kboguschova@zsplotiste.cz Mgr. Tereza Hlav\u00e1\u010dov\u00e1 +420 773 287 108&nbsp; thlavacova@zsplotiste.cz &nbsp; \u00daplata za z\u00e1jmov\u00e9 vzd\u011bl\u00e1v\u00e1n\u00ed&nbsp; Z\u0159izovatelem byla&nbsp;stanovena&nbsp;<a href=\"https:\/\/www.zsplotiste.cz\/?page_id=5105\">&hellip;<\/a><\/p>\n","protected":false},"author":1,"featured_media":0,"parent":0,"menu_order":0,"comment_status":"closed","ping_status":"closed","template":"","meta":{"footnotes":""},"class_list":["post-5105","page","type-page","status-publish","hentry","odd"],"_links":{"self":[{"href":"https:\/\/www.zsplotiste.cz\/index.php?rest_route=\/wp\/v2\/pages\/5105","targetHints":{"allow":["GET"]}}],"collection":[{"href":"https:\/\/www.zsplotiste.cz\/index.php?rest_route=\/wp\/v2\/pages"}],"about":[{"href":"https:\/\/www.zsplotiste.cz\/index.php?rest_route=\/wp\/v2\/types\/page"}],"author":[{"embeddable":true,"href":"https:\/\/www.zsplotiste.cz\/index.php?rest_route=\/wp\/v2\/users\/1"}],"replies":[{"embeddable":true,"href":"https:\/\/www.zsplotiste.cz\/index.php?rest_route=%2Fwp%2Fv2%2Fcomments&post=5105"}],"version-history":[{"count":70,"href":"https:\/\/www.zsplotiste.cz\/index.php?rest_route=\/wp\/v2\/pages\/5105\/revisions"}],"predecessor-version":[{"id":10143,"href":"https:\/\/www.zsplotiste.cz\/index.php?rest_route=\/wp\/v2\/pages\/5105\/revisions\/10143"}],"wp:attachment":[{"href":"https:\/\/www.zsplotiste.cz\/index.php?rest_route=%2Fwp%2Fv2%2Fmedia&parent=5105"}],"curies":[{"name":"wp","href":"https:\/\/api.w.org\/{rel}","templated":true}]}}