{"id":568,"date":"2023-07-27T15:45:05","date_gmt":"2023-07-27T14:45:05","guid":{"rendered":"https:\/\/www.pocitacepardubice.cz\/?page_id=568"},"modified":"2024-11-25T13:08:33","modified_gmt":"2024-11-25T12:08:33","slug":"fakultni-skola-uhk","status":"publish","type":"page","link":"https:\/\/www.zsplotiste.cz\/?page_id=568","title":{"rendered":"Fakultn\u00ed \u0161kola UHK"},"content":{"rendered":"\t\t<div data-elementor-type=\"wp-page\" data-elementor-id=\"568\" class=\"elementor elementor-568\">\n\t\t\t\t\t\t\t\t\t<section class=\"elementor-section elementor-top-section elementor-element elementor-element-714f31d elementor-section-boxed elementor-section-height-default elementor-section-height-default\" data-id=\"714f31d\" data-element_type=\"section\">\n\t\t\t\t\t\t<div class=\"elementor-container elementor-column-gap-default\">\n\t\t\t\t\t<div class=\"elementor-column elementor-col-100 elementor-top-column elementor-element elementor-element-27dc9b6\" data-id=\"27dc9b6\" data-element_type=\"column\">\n\t\t\t<div class=\"elementor-widget-wrap elementor-element-populated\">\n\t\t\t\t\t\t\t\t<div class=\"elementor-element elementor-element-83495c2 elementor-widget elementor-widget-text-editor\" data-id=\"83495c2\" data-element_type=\"widget\" data-widget_type=\"text-editor.default\">\n\t\t\t\t<div class=\"elementor-widget-container\">\n\t\t\t\t\t\t\t<h2>Dlouhodob\u011b spolupracujeme s Pedagogickou fakultou UHK p\u0159i vzd\u011bl\u00e1v\u00e1n\u00ed budouc\u00edch pedagog\u016f, kte\u0159\u00ed k n\u00e1m doch\u00e1zej\u00ed na praxi.<\/h2>\t\t\t\t\t\t<\/div>\n\t\t\t\t<\/div>\n\t\t\t\t\t<\/div>\n\t\t<\/div>\n\t\t\t\t\t\t\t<\/div>\n\t\t<\/section>\n\t\t\t\t<section class=\"elementor-section elementor-top-section elementor-element elementor-element-a12c861 elementor-section-boxed elementor-section-height-default elementor-section-height-default\" data-id=\"a12c861\" data-element_type=\"section\">\n\t\t\t\t\t\t<div class=\"elementor-container elementor-column-gap-default\">\n\t\t\t\t\t<div class=\"elementor-column elementor-col-100 elementor-top-column elementor-element elementor-element-2a34766\" data-id=\"2a34766\" data-element_type=\"column\">\n\t\t\t<div class=\"elementor-widget-wrap elementor-element-populated\">\n\t\t\t\t\t\t\t\t<div class=\"elementor-element elementor-element-7df8cae elementor-widget elementor-widget-image\" data-id=\"7df8cae\" data-element_type=\"widget\" data-widget_type=\"image.default\">\n\t\t\t\t<div class=\"elementor-widget-container\">\n\t\t\t\t\t\t\t\t\t\t\t\t\t\t\t<img fetchpriority=\"high\" decoding=\"async\" width=\"1024\" height=\"664\" src=\"https:\/\/www.zsplotiste.cz\/wp-content\/uploads\/2024\/11\/FAKULTNI-SKOLA-1024x664.png\" class=\"attachment-large size-large wp-image-7395\" alt=\"\" srcset=\"https:\/\/www.zsplotiste.cz\/wp-content\/uploads\/2024\/11\/FAKULTNI-SKOLA-1024x664.png 1024w, https:\/\/www.zsplotiste.cz\/wp-content\/uploads\/2024\/11\/FAKULTNI-SKOLA-300x194.png 300w, https:\/\/www.zsplotiste.cz\/wp-content\/uploads\/2024\/11\/FAKULTNI-SKOLA.png 1080w, https:\/\/www.zsplotiste.cz\/wp-content\/uploads\/2024\/11\/FAKULTNI-SKOLA-150x97.png 150w\" sizes=\"(max-width: 1024px) 100vw, 1024px\" \/>\t\t\t\t\t\t\t\t\t\t\t\t\t\t\t<\/div>\n\t\t\t\t<\/div>\n\t\t\t\t\t<\/div>\n\t\t<\/div>\n\t\t\t\t\t\t\t<\/div>\n\t\t<\/section>\n\t\t\t\t<section class=\"elementor-section elementor-top-section elementor-element elementor-element-1eccaf2 elementor-section-boxed elementor-section-height-default elementor-section-height-default\" data-id=\"1eccaf2\" data-element_type=\"section\">\n\t\t\t\t\t\t<div class=\"elementor-container elementor-column-gap-default\">\n\t\t\t\t\t<div class=\"elementor-column elementor-col-100 elementor-top-column elementor-element elementor-element-6e89160\" data-id=\"6e89160\" data-element_type=\"column\">\n\t\t\t<div class=\"elementor-widget-wrap elementor-element-populated\">\n\t\t\t\t\t\t\t\t<div class=\"elementor-element elementor-element-0fd459a elementor-widget elementor-widget-image\" data-id=\"0fd459a\" data-element_type=\"widget\" data-widget_type=\"image.default\">\n\t\t\t\t<div class=\"elementor-widget-container\">\n\t\t\t\t\t\t\t\t\t\t\t\t\t\t\t<img decoding=\"async\" width=\"1024\" height=\"716\" src=\"https:\/\/www.zsplotiste.cz\/wp-content\/uploads\/2023\/07\/fak_skola-e1464776336279-1024x716.jpg\" class=\"attachment-large size-large wp-image-579\" alt=\"\" srcset=\"https:\/\/www.zsplotiste.cz\/wp-content\/uploads\/2023\/07\/fak_skola-e1464776336279-1024x716.jpg 1024w, https:\/\/www.zsplotiste.cz\/wp-content\/uploads\/2023\/07\/fak_skola-e1464776336279-300x210.jpg 300w, https:\/\/www.zsplotiste.cz\/wp-content\/uploads\/2023\/07\/fak_skola-e1464776336279.jpg 1150w, https:\/\/www.zsplotiste.cz\/wp-content\/uploads\/2023\/07\/fak_skola-e1464776336279-150x105.jpg 150w\" sizes=\"(max-width: 1024px) 100vw, 1024px\" \/>\t\t\t\t\t\t\t\t\t\t\t\t\t\t\t<\/div>\n\t\t\t\t<\/div>\n\t\t\t\t\t<\/div>\n\t\t<\/div>\n\t\t\t\t\t\t\t<\/div>\n\t\t<\/section>\n\t\t\t\t\t\t\t<\/div>\n\t\t","protected":false},"excerpt":{"rendered":"<p>Dlouhodob\u011b spolupracujeme s Pedagogickou fakultou UHK p\u0159i vzd\u011bl\u00e1v\u00e1n\u00ed budouc\u00edch pedagog\u016f, kte\u0159\u00ed k n\u00e1m doch\u00e1zej\u00ed na praxi.<\/p>\n","protected":false},"author":1,"featured_media":0,"parent":0,"menu_order":0,"comment_status":"closed","ping_status":"closed","template":"","meta":{"footnotes":""},"class_list":["post-568","page","type-page","status-publish","hentry","odd"],"_links":{"self":[{"href":"https:\/\/www.zsplotiste.cz\/index.php?rest_route=\/wp\/v2\/pages\/568","targetHints":{"allow":["GET"]}}],"collection":[{"href":"https:\/\/www.zsplotiste.cz\/index.php?rest_route=\/wp\/v2\/pages"}],"about":[{"href":"https:\/\/www.zsplotiste.cz\/index.php?rest_route=\/wp\/v2\/types\/page"}],"author":[{"embeddable":true,"href":"https:\/\/www.zsplotiste.cz\/index.php?rest_route=\/wp\/v2\/users\/1"}],"replies":[{"embeddable":true,"href":"https:\/\/www.zsplotiste.cz\/index.php?rest_route=%2Fwp%2Fv2%2Fcomments&post=568"}],"version-history":[{"count":8,"href":"https:\/\/www.zsplotiste.cz\/index.php?rest_route=\/wp\/v2\/pages\/568\/revisions"}],"predecessor-version":[{"id":7399,"href":"https:\/\/www.zsplotiste.cz\/index.php?rest_route=\/wp\/v2\/pages\/568\/revisions\/7399"}],"wp:attachment":[{"href":"https:\/\/www.zsplotiste.cz\/index.php?rest_route=%2Fwp%2Fv2%2Fmedia&parent=568"}],"curies":[{"name":"wp","href":"https:\/\/api.w.org\/{rel}","templated":true}]}}