{"id":569,"date":"2023-07-27T15:45:05","date_gmt":"2023-07-27T14:45:05","guid":{"rendered":"https:\/\/www.pocitacepardubice.cz\/?page_id=569"},"modified":"2025-02-17T14:50:33","modified_gmt":"2025-02-17T13:50:33","slug":"zvyseni-a-zlepseni-kvality-vyuky","status":"publish","type":"page","link":"https:\/\/www.zsplotiste.cz\/?page_id=569","title":{"rendered":"Zv\u00fd\u0161en\u00ed a zlep\u0161en\u00ed kvality v\u00fduky"},"content":{"rendered":"\t\t<div data-elementor-type=\"wp-page\" data-elementor-id=\"569\" class=\"elementor elementor-569\">\n\t\t\t\t\t\t\t\t\t<section class=\"elementor-section elementor-top-section elementor-element elementor-element-15d0baf elementor-section-boxed elementor-section-height-default elementor-section-height-default\" data-id=\"15d0baf\" data-element_type=\"section\">\n\t\t\t\t\t\t<div class=\"elementor-container elementor-column-gap-default\">\n\t\t\t\t\t<div class=\"elementor-column elementor-col-100 elementor-top-column elementor-element elementor-element-9b4f71a\" data-id=\"9b4f71a\" data-element_type=\"column\">\n\t\t\t<div class=\"elementor-widget-wrap elementor-element-populated\">\n\t\t\t\t\t\t\t\t<div class=\"elementor-element elementor-element-ffe2ad4 elementor-widget elementor-widget-heading\" data-id=\"ffe2ad4\" data-element_type=\"widget\" data-widget_type=\"heading.default\">\n\t\t\t\t<div class=\"elementor-widget-container\">\n\t\t\t<h2 class=\"elementor-heading-title elementor-size-default\">\u0160ABLONY III \u2013 ZV\u00dd\u0160EN\u00cd A ZLEP\u0160EN\u00cd KVALITY V\u00ddUKY NA Z\u0160 A M\u0160 PLOTI\u0160T\u011a HK<\/h2>\t\t<\/div>\n\t\t\t\t<\/div>\n\t\t\t\t<div class=\"elementor-element elementor-element-3d840c0 elementor-widget elementor-widget-spacer\" data-id=\"3d840c0\" data-element_type=\"widget\" data-widget_type=\"spacer.default\">\n\t\t\t\t<div class=\"elementor-widget-container\">\n\t\t\t\t\t<div class=\"elementor-spacer\">\n\t\t\t<div class=\"elementor-spacer-inner\"><\/div>\n\t\t<\/div>\n\t\t\t\t<\/div>\n\t\t\t\t<\/div>\n\t\t\t\t\t<\/div>\n\t\t<\/div>\n\t\t\t\t\t\t\t<\/div>\n\t\t<\/section>\n\t\t\t\t<section class=\"elementor-section elementor-top-section elementor-element elementor-element-05fb1ca elementor-section-boxed elementor-section-height-default elementor-section-height-default\" data-id=\"05fb1ca\" data-element_type=\"section\">\n\t\t\t\t\t\t<div class=\"elementor-container elementor-column-gap-default\">\n\t\t\t\t\t<div class=\"elementor-column elementor-col-100 elementor-top-column elementor-element elementor-element-72c2118\" data-id=\"72c2118\" data-element_type=\"column\">\n\t\t\t<div class=\"elementor-widget-wrap elementor-element-populated\">\n\t\t\t\t\t\t\t\t<div class=\"elementor-element elementor-element-76f6399 elementor-widget elementor-widget-text-editor\" data-id=\"76f6399\" data-element_type=\"widget\" data-widget_type=\"text-editor.default\">\n\t\t\t\t<div class=\"elementor-widget-container\">\n\t\t\t\t\t\t\t<p class=\"x_MsoNormal\"><b><span data-olk-copy-source=\"MessageBody\">Stru\u010dn\u00fd popis:<\/span><\/b><br \/>Projekt se zam\u011b\u0159uje na person\u00e1ln\u00ed podporu, profesn\u00ed a osobnostn\u00ed rozvoj pracovn\u00edk\u016f ve vzd\u011bl\u00e1v\u00e1n\u00ed, podporu vzd\u011bl\u00e1v\u00e1n\u00ed d\u011bt\u00ed, \u017e\u00e1k\u016f a \u00fa\u010dastn\u00edk\u016f z\u00e1jmov\u00e9ho vzd\u011bl\u00e1v\u00e1n\u00ed a\u00a0poskytov\u00e1n\u00ed dou\u010dov\u00e1n\u00ed\u00a0\u017e\u00e1k\u016f ohro\u017een\u00fdch \u0161koln\u00edm ne\u00fasp\u011bchem.<\/p><p class=\"x_MsoNormal\"><b>C\u00edl:<\/b><br \/>C\u00edlem projektu je podpo\u0159it rozvoj vybran\u00fdch oblast\u00ed, kter\u00e9 \u0161kola nebo \u0161kolsk\u00e9 za\u0159\u00edzen\u00ed ur\u010d\u00ed jako prioritn\u00ed pro sv\u016fj dal\u0161\u00ed rozvoj a budouc\u00ed sm\u011b\u0159ov\u00e1n\u00ed, a to prost\u0159ednictv\u00edm person\u00e1ln\u00ed podpory, profesn\u00edho rozvoje pedagogick\u00fdch pracovn\u00edk\u016f a inovativn\u00edho vzd\u011bl\u00e1v\u00e1n\u00ed.<\/p><p class=\"x_MsoNormal\"><b>V\u00fdsledky:<\/b><\/p><p class=\"x_MsoNormal\">\u25cf\u00a0\u00a0\u00a0\u00a0\u00a0Zaji\u0161t\u011bn\u00ed person\u00e1ln\u00ed podpory pro pedagogy a pracovn\u00edky \u0161kolsk\u00fdch za\u0159\u00edzen\u00ed.<\/p><p class=\"x_MsoNormal\">\u25cf\u00a0\u00a0\u00a0\u00a0\u00a0Zv\u00fd\u0161en\u00ed kvality vzd\u011bl\u00e1v\u00e1n\u00ed d\u011bt\u00ed, \u017e\u00e1k\u016f a \u00fa\u010dastn\u00edk\u016f z\u00e1jmov\u00e9ho vzd\u011bl\u00e1v\u00e1n\u00ed.<\/p><p class=\"x_MsoNormal\">\u25cf\u00a0\u00a0\u00a0\u00a0\u00a0Podpora profesn\u00edho rozvoje pedagog\u016f a zav\u00e1d\u011bn\u00ed nov\u00fdch v\u00fdukov\u00fdch metod.<\/p><p class=\"x_MsoNormal\"><b>Na dan\u00fd projekt je poskytov\u00e1na finan\u010dn\u00ed podpora od EU.<\/b><\/p>\t\t\t\t\t\t<\/div>\n\t\t\t\t<\/div>\n\t\t\t\t\t<\/div>\n\t\t<\/div>\n\t\t\t\t\t\t\t<\/div>\n\t\t<\/section>\n\t\t\t\t<section class=\"elementor-section elementor-top-section elementor-element elementor-element-087239f elementor-section-boxed elementor-section-height-default elementor-section-height-default\" data-id=\"087239f\" data-element_type=\"section\">\n\t\t\t\t\t\t<div class=\"elementor-container elementor-column-gap-default\">\n\t\t\t\t\t<div class=\"elementor-column elementor-col-100 elementor-top-column elementor-element elementor-element-4963972\" data-id=\"4963972\" data-element_type=\"column\">\n\t\t\t<div class=\"elementor-widget-wrap elementor-element-populated\">\n\t\t\t\t\t\t\t\t<div class=\"elementor-element elementor-element-1335a29 elementor-widget elementor-widget-image\" data-id=\"1335a29\" data-element_type=\"widget\" data-widget_type=\"image.default\">\n\t\t\t\t<div class=\"elementor-widget-container\">\n\t\t\t\t\t\t\t\t\t\t\t\t\t\t\t<img fetchpriority=\"high\" decoding=\"async\" width=\"724\" height=\"1024\" src=\"https:\/\/www.zsplotiste.cz\/wp-content\/uploads\/2025\/02\/plakat-A3_ZS-a-MS-Masarykova-Plotiste-HK-724x1024.jpg\" class=\"attachment-large size-large wp-image-7660\" alt=\"\" srcset=\"https:\/\/www.zsplotiste.cz\/wp-content\/uploads\/2025\/02\/plakat-A3_ZS-a-MS-Masarykova-Plotiste-HK-724x1024.jpg 724w, https:\/\/www.zsplotiste.cz\/wp-content\/uploads\/2025\/02\/plakat-A3_ZS-a-MS-Masarykova-Plotiste-HK-212x300.jpg 212w, https:\/\/www.zsplotiste.cz\/wp-content\/uploads\/2025\/02\/plakat-A3_ZS-a-MS-Masarykova-Plotiste-HK-1086x1536.jpg 1086w, https:\/\/www.zsplotiste.cz\/wp-content\/uploads\/2025\/02\/plakat-A3_ZS-a-MS-Masarykova-Plotiste-HK-1448x2048.jpg 1448w, https:\/\/www.zsplotiste.cz\/wp-content\/uploads\/2025\/02\/plakat-A3_ZS-a-MS-Masarykova-Plotiste-HK-106x150.jpg 106w, https:\/\/www.zsplotiste.cz\/wp-content\/uploads\/2025\/02\/plakat-A3_ZS-a-MS-Masarykova-Plotiste-HK.jpg 1683w\" sizes=\"(max-width: 724px) 100vw, 724px\" \/>\t\t\t\t\t\t\t\t\t\t\t\t\t\t\t<\/div>\n\t\t\t\t<\/div>\n\t\t\t\t\t<\/div>\n\t\t<\/div>\n\t\t\t\t\t\t\t<\/div>\n\t\t<\/section>\n\t\t\t\t<section class=\"elementor-section elementor-top-section elementor-element elementor-element-ad85e12 elementor-section-boxed elementor-section-height-default elementor-section-height-default\" data-id=\"ad85e12\" data-element_type=\"section\">\n\t\t\t\t\t\t<div class=\"elementor-container elementor-column-gap-default\">\n\t\t\t\t\t<div class=\"elementor-column elementor-col-100 elementor-top-column elementor-element elementor-element-3d2726d\" data-id=\"3d2726d\" data-element_type=\"column\">\n\t\t\t<div class=\"elementor-widget-wrap elementor-element-populated\">\n\t\t\t\t\t\t\t\t<div class=\"elementor-element elementor-element-e1ee436 elementor-widget elementor-widget-image\" data-id=\"e1ee436\" data-element_type=\"widget\" data-widget_type=\"image.default\">\n\t\t\t\t<div class=\"elementor-widget-container\">\n\t\t\t\t\t\t\t\t\t\t\t\t\t\t\t<img decoding=\"async\" width=\"695\" height=\"983\" src=\"https:\/\/www.zsplotiste.cz\/wp-content\/uploads\/2023\/07\/plakat-2-695x983.jpg\" class=\"attachment-large size-large wp-image-1221\" alt=\"\" srcset=\"https:\/\/www.zsplotiste.cz\/wp-content\/uploads\/2023\/07\/plakat-2.jpg 695w, https:\/\/www.zsplotiste.cz\/wp-content\/uploads\/2023\/07\/plakat-2-212x300.jpg 212w, https:\/\/www.zsplotiste.cz\/wp-content\/uploads\/2023\/07\/plakat-2-106x150.jpg 106w\" sizes=\"(max-width: 695px) 100vw, 695px\" \/>\t\t\t\t\t\t\t\t\t\t\t\t\t\t\t<\/div>\n\t\t\t\t<\/div>\n\t\t\t\t\t<\/div>\n\t\t<\/div>\n\t\t\t\t\t\t\t<\/div>\n\t\t<\/section>\n\t\t\t\t<section class=\"elementor-section elementor-top-section elementor-element elementor-element-45136f5 elementor-section-boxed elementor-section-height-default elementor-section-height-default\" data-id=\"45136f5\" data-element_type=\"section\">\n\t\t\t\t\t\t<div class=\"elementor-container elementor-column-gap-default\">\n\t\t\t\t\t<div class=\"elementor-column elementor-col-100 elementor-top-column elementor-element elementor-element-1809132\" data-id=\"1809132\" data-element_type=\"column\">\n\t\t\t<div class=\"elementor-widget-wrap elementor-element-populated\">\n\t\t\t\t\t\t\t\t<div class=\"elementor-element elementor-element-6465cb1 elementor-widget elementor-widget-spacer\" data-id=\"6465cb1\" data-element_type=\"widget\" data-widget_type=\"spacer.default\">\n\t\t\t\t<div class=\"elementor-widget-container\">\n\t\t\t\t\t<div class=\"elementor-spacer\">\n\t\t\t<div class=\"elementor-spacer-inner\"><\/div>\n\t\t<\/div>\n\t\t\t\t<\/div>\n\t\t\t\t<\/div>\n\t\t\t\t\t<\/div>\n\t\t<\/div>\n\t\t\t\t\t\t\t<\/div>\n\t\t<\/section>\n\t\t\t\t<section class=\"elementor-section elementor-top-section elementor-element elementor-element-c3e0b21 elementor-section-boxed elementor-section-height-default elementor-section-height-default\" data-id=\"c3e0b21\" data-element_type=\"section\">\n\t\t\t\t\t\t<div class=\"elementor-container elementor-column-gap-default\">\n\t\t\t\t\t<div class=\"elementor-column elementor-col-100 elementor-top-column elementor-element elementor-element-b7c6882\" data-id=\"b7c6882\" data-element_type=\"column\">\n\t\t\t<div class=\"elementor-widget-wrap elementor-element-populated\">\n\t\t\t\t\t\t\t\t<div class=\"elementor-element elementor-element-2fe3629 elementor-widget elementor-widget-text-editor\" data-id=\"2fe3629\" data-element_type=\"widget\" data-widget_type=\"text-editor.default\">\n\t\t\t\t<div class=\"elementor-widget-container\">\n\t\t\t\t\t\t\t<p style=\"color: #6c6c6c; line-height: 1.6em; font-size: 0.925rem; margin-top: 2px; font-family: sans-serif; text-align: center;\"><strong>Na\u0161e \u0161kola se \u00fa\u010dastn\u00ed projektu \u201eZv\u00fd\u0161en\u00ed a zlep\u0161en\u00ed kvality v\u00fduky na Z\u0160 a M\u0160 Ploti\u0161t\u011b HK\u201c<\/strong><\/p><p style=\"color: #6c6c6c; line-height: 1.6em; font-size: 0.925rem; margin-top: 2px; font-family: sans-serif;\">Projekt je zam\u011b\u0159en na n\u00e1sleduj\u00edc\u00ed t\u00e9mata: osobnostn\u011b profesn\u00ed rozvoj pedagog\u016f, spole\u010dn\u00e9 vzd\u011bl\u00e1v\u00e1n\u00ed d\u011bt\u00ed a \u017e\u00e1k\u016f, usnadn\u011bn\u00ed p\u0159echodu d\u011bt\u00ed z mate\u0159sk\u00e9 \u0161koly do z\u00e1kladn\u00ed \u0161koly, podpora extrakurikul\u00e1rn\u00edch aktivit, spolupr\u00e1ce s rodi\u010di d\u011bt\u00ed a \u017e\u00e1k\u016f.<\/p>\t\t\t\t\t\t<\/div>\n\t\t\t\t<\/div>\n\t\t\t\t\t<\/div>\n\t\t<\/div>\n\t\t\t\t\t\t\t<\/div>\n\t\t<\/section>\n\t\t\t\t<section class=\"elementor-section elementor-top-section elementor-element elementor-element-c37e112 elementor-section-boxed elementor-section-height-default elementor-section-height-default\" data-id=\"c37e112\" data-element_type=\"section\">\n\t\t\t\t\t\t<div class=\"elementor-container elementor-column-gap-default\">\n\t\t\t\t\t<div class=\"elementor-column elementor-col-100 elementor-top-column elementor-element elementor-element-c8da70e\" data-id=\"c8da70e\" data-element_type=\"column\">\n\t\t\t<div class=\"elementor-widget-wrap elementor-element-populated\">\n\t\t\t\t\t\t\t\t<div class=\"elementor-element elementor-element-1fc5a28 elementor-widget elementor-widget-spacer\" data-id=\"1fc5a28\" data-element_type=\"widget\" data-widget_type=\"spacer.default\">\n\t\t\t\t<div class=\"elementor-widget-container\">\n\t\t\t\t\t<div class=\"elementor-spacer\">\n\t\t\t<div class=\"elementor-spacer-inner\"><\/div>\n\t\t<\/div>\n\t\t\t\t<\/div>\n\t\t\t\t<\/div>\n\t\t\t\t\t<\/div>\n\t\t<\/div>\n\t\t\t\t\t\t\t<\/div>\n\t\t<\/section>\n\t\t\t\t<section class=\"elementor-section elementor-top-section elementor-element elementor-element-a253c00 elementor-section-boxed elementor-section-height-default elementor-section-height-default\" data-id=\"a253c00\" data-element_type=\"section\">\n\t\t\t\t\t\t<div class=\"elementor-container elementor-column-gap-default\">\n\t\t\t\t\t<div class=\"elementor-column elementor-col-100 elementor-top-column elementor-element elementor-element-6fce24d\" data-id=\"6fce24d\" data-element_type=\"column\">\n\t\t\t<div class=\"elementor-widget-wrap elementor-element-populated\">\n\t\t\t\t\t\t\t\t<div class=\"elementor-element elementor-element-c3888e0 elementor-widget elementor-widget-image\" data-id=\"c3888e0\" data-element_type=\"widget\" data-widget_type=\"image.default\">\n\t\t\t\t<div class=\"elementor-widget-container\">\n\t\t\t\t\t\t\t\t\t\t\t\t\t\t\t<img decoding=\"async\" width=\"711\" height=\"1024\" src=\"https:\/\/www.zsplotiste.cz\/wp-content\/uploads\/2023\/07\/Publicita-na-web_V63_Masarykova-ZS-a-MS-Plotiste-HK-scaled-711x1024.jpg\" class=\"attachment-large size-large wp-image-1223\" alt=\"\" srcset=\"https:\/\/www.zsplotiste.cz\/wp-content\/uploads\/2023\/07\/Publicita-na-web_V63_Masarykova-ZS-a-MS-Plotiste-HK-scaled-711x1024.jpg 711w, https:\/\/www.zsplotiste.cz\/wp-content\/uploads\/2023\/07\/Publicita-na-web_V63_Masarykova-ZS-a-MS-Plotiste-HK-scaled-208x300.jpg 208w, https:\/\/www.zsplotiste.cz\/wp-content\/uploads\/2023\/07\/Publicita-na-web_V63_Masarykova-ZS-a-MS-Plotiste-HK-scaled-1066x1536.jpg 1066w, https:\/\/www.zsplotiste.cz\/wp-content\/uploads\/2023\/07\/Publicita-na-web_V63_Masarykova-ZS-a-MS-Plotiste-HK-scaled-1422x2048.jpg 1422w, https:\/\/www.zsplotiste.cz\/wp-content\/uploads\/2023\/07\/Publicita-na-web_V63_Masarykova-ZS-a-MS-Plotiste-HK-scaled-104x150.jpg 104w, https:\/\/www.zsplotiste.cz\/wp-content\/uploads\/2023\/07\/Publicita-na-web_V63_Masarykova-ZS-a-MS-Plotiste-HK-scaled.jpg 1777w\" sizes=\"(max-width: 711px) 100vw, 711px\" \/>\t\t\t\t\t\t\t\t\t\t\t\t\t\t\t<\/div>\n\t\t\t\t<\/div>\n\t\t\t\t\t<\/div>\n\t\t<\/div>\n\t\t\t\t\t\t\t<\/div>\n\t\t<\/section>\n\t\t\t\t<section class=\"elementor-section elementor-top-section elementor-element elementor-element-9ceb141 elementor-section-boxed elementor-section-height-default elementor-section-height-default\" data-id=\"9ceb141\" data-element_type=\"section\">\n\t\t\t\t\t\t<div class=\"elementor-container elementor-column-gap-default\">\n\t\t\t\t\t<div class=\"elementor-column elementor-col-100 elementor-top-column elementor-element elementor-element-3969c20\" data-id=\"3969c20\" data-element_type=\"column\">\n\t\t\t<div class=\"elementor-widget-wrap elementor-element-populated\">\n\t\t\t\t\t\t\t\t<div class=\"elementor-element elementor-element-3b48922 elementor-widget elementor-widget-spacer\" data-id=\"3b48922\" data-element_type=\"widget\" data-widget_type=\"spacer.default\">\n\t\t\t\t<div class=\"elementor-widget-container\">\n\t\t\t\t\t<div class=\"elementor-spacer\">\n\t\t\t<div class=\"elementor-spacer-inner\"><\/div>\n\t\t<\/div>\n\t\t\t\t<\/div>\n\t\t\t\t<\/div>\n\t\t\t\t\t<\/div>\n\t\t<\/div>\n\t\t\t\t\t\t\t<\/div>\n\t\t<\/section>\n\t\t\t\t<section class=\"elementor-section elementor-top-section elementor-element elementor-element-473b476 elementor-section-boxed elementor-section-height-default elementor-section-height-default\" data-id=\"473b476\" data-element_type=\"section\">\n\t\t\t\t\t\t<div class=\"elementor-container elementor-column-gap-default\">\n\t\t\t\t\t<div class=\"elementor-column elementor-col-100 elementor-top-column elementor-element elementor-element-14b3751\" data-id=\"14b3751\" data-element_type=\"column\">\n\t\t\t<div class=\"elementor-widget-wrap elementor-element-populated\">\n\t\t\t\t\t\t\t\t<div class=\"elementor-element elementor-element-07d4251 elementor-widget elementor-widget-image\" data-id=\"07d4251\" data-element_type=\"widget\" data-widget_type=\"image.default\">\n\t\t\t\t<div class=\"elementor-widget-container\">\n\t\t\t\t\t\t\t\t\t\t\t\t\t\t\t<img loading=\"lazy\" decoding=\"async\" width=\"792\" height=\"1024\" src=\"https:\/\/www.zsplotiste.cz\/wp-content\/uploads\/2023\/07\/Plakat-A3_Sablony-II_ZS-a-MS-Plotiste-scaled-792x1024.jpg\" class=\"attachment-large size-large wp-image-1224\" alt=\"\" srcset=\"https:\/\/www.zsplotiste.cz\/wp-content\/uploads\/2023\/07\/Plakat-A3_Sablony-II_ZS-a-MS-Plotiste-scaled-792x1024.jpg 792w, https:\/\/www.zsplotiste.cz\/wp-content\/uploads\/2023\/07\/Plakat-A3_Sablony-II_ZS-a-MS-Plotiste-scaled-232x300.jpg 232w, https:\/\/www.zsplotiste.cz\/wp-content\/uploads\/2023\/07\/Plakat-A3_Sablony-II_ZS-a-MS-Plotiste-scaled-1187x1536.jpg 1187w, https:\/\/www.zsplotiste.cz\/wp-content\/uploads\/2023\/07\/Plakat-A3_Sablony-II_ZS-a-MS-Plotiste-scaled-1583x2048.jpg 1583w, https:\/\/www.zsplotiste.cz\/wp-content\/uploads\/2023\/07\/Plakat-A3_Sablony-II_ZS-a-MS-Plotiste-scaled-116x150.jpg 116w, https:\/\/www.zsplotiste.cz\/wp-content\/uploads\/2023\/07\/Plakat-A3_Sablony-II_ZS-a-MS-Plotiste-scaled.jpg 1979w\" sizes=\"(max-width: 792px) 100vw, 792px\" \/>\t\t\t\t\t\t\t\t\t\t\t\t\t\t\t<\/div>\n\t\t\t\t<\/div>\n\t\t\t\t\t<\/div>\n\t\t<\/div>\n\t\t\t\t\t\t\t<\/div>\n\t\t<\/section>\n\t\t\t\t<section class=\"elementor-section elementor-top-section elementor-element elementor-element-d2f8f07 elementor-section-boxed elementor-section-height-default elementor-section-height-default\" data-id=\"d2f8f07\" data-element_type=\"section\">\n\t\t\t\t\t\t<div class=\"elementor-container elementor-column-gap-default\">\n\t\t\t\t\t<div class=\"elementor-column elementor-col-100 elementor-top-column elementor-element elementor-element-f15484f\" data-id=\"f15484f\" data-element_type=\"column\">\n\t\t\t<div class=\"elementor-widget-wrap elementor-element-populated\">\n\t\t\t\t\t\t\t\t<div class=\"elementor-element elementor-element-785e081 elementor-widget elementor-widget-spacer\" data-id=\"785e081\" data-element_type=\"widget\" data-widget_type=\"spacer.default\">\n\t\t\t\t<div class=\"elementor-widget-container\">\n\t\t\t\t\t<div class=\"elementor-spacer\">\n\t\t\t<div class=\"elementor-spacer-inner\"><\/div>\n\t\t<\/div>\n\t\t\t\t<\/div>\n\t\t\t\t<\/div>\n\t\t\t\t\t<\/div>\n\t\t<\/div>\n\t\t\t\t\t\t\t<\/div>\n\t\t<\/section>\n\t\t\t\t<section class=\"elementor-section elementor-top-section elementor-element elementor-element-e00cc6a elementor-section-boxed elementor-section-height-default elementor-section-height-default\" data-id=\"e00cc6a\" data-element_type=\"section\">\n\t\t\t\t\t\t<div class=\"elementor-container elementor-column-gap-default\">\n\t\t\t\t\t<div class=\"elementor-column elementor-col-100 elementor-top-column elementor-element elementor-element-d0866e1\" data-id=\"d0866e1\" data-element_type=\"column\">\n\t\t\t<div class=\"elementor-widget-wrap elementor-element-populated\">\n\t\t\t\t\t\t\t\t<div class=\"elementor-element elementor-element-de58c84 elementor-widget elementor-widget-text-editor\" data-id=\"de58c84\" data-element_type=\"widget\" data-widget_type=\"text-editor.default\">\n\t\t\t\t<div class=\"elementor-widget-container\">\n\t\t\t\t\t\t\t<p style=\"text-align: center;\"><strong>Od 1. 10. 2016 se na\u0161e \u0161kola \u00fa\u010dastn\u00ed projektu \u201eZv\u00fd\u0161en\u00ed a zlep\u0161en\u00ed kvality v\u00fduky na Z\u0160 a M\u0160 Ploti\u0161t\u011b HK\u201c<\/strong><\/p><p>Projekt je zam\u011b\u0159en na n\u00e1sleduj\u00edc\u00ed t\u00e9mata: osobnostn\u011b profesn\u00ed rozvoj pedagog\u016f, spole\u010dn\u00e9 vzd\u011bl\u00e1v\u00e1n\u00ed d\u011bt\u00ed a \u017e\u00e1k\u016f, usnadn\u011bn\u00ed p\u0159echodu d\u011bt\u00ed z mate\u0159sk\u00e9 \u0161koly do z\u00e1kladn\u00ed \u0161koly, podpora extrakurikul\u00e1rn\u00edch aktivit, spolupr\u00e1ce s rodi\u010di d\u011bt\u00ed a \u017e\u00e1k\u016f.<\/p>\t\t\t\t\t\t<\/div>\n\t\t\t\t<\/div>\n\t\t\t\t\t<\/div>\n\t\t<\/div>\n\t\t\t\t\t\t\t<\/div>\n\t\t<\/section>\n\t\t\t\t<section class=\"elementor-section elementor-top-section elementor-element elementor-element-4d9e8b5 elementor-section-boxed elementor-section-height-default elementor-section-height-default\" data-id=\"4d9e8b5\" data-element_type=\"section\">\n\t\t\t\t\t\t<div class=\"elementor-container elementor-column-gap-default\">\n\t\t\t\t\t<div class=\"elementor-column elementor-col-100 elementor-top-column elementor-element elementor-element-663e596\" data-id=\"663e596\" data-element_type=\"column\">\n\t\t\t<div class=\"elementor-widget-wrap elementor-element-populated\">\n\t\t\t\t\t\t\t\t<div class=\"elementor-element elementor-element-23258c6 elementor-widget elementor-widget-spacer\" data-id=\"23258c6\" data-element_type=\"widget\" data-widget_type=\"spacer.default\">\n\t\t\t\t<div class=\"elementor-widget-container\">\n\t\t\t\t\t<div class=\"elementor-spacer\">\n\t\t\t<div class=\"elementor-spacer-inner\"><\/div>\n\t\t<\/div>\n\t\t\t\t<\/div>\n\t\t\t\t<\/div>\n\t\t\t\t\t<\/div>\n\t\t<\/div>\n\t\t\t\t\t\t\t<\/div>\n\t\t<\/section>\n\t\t\t\t<section class=\"elementor-section elementor-top-section elementor-element elementor-element-a0192bd elementor-section-boxed elementor-section-height-default elementor-section-height-default\" data-id=\"a0192bd\" data-element_type=\"section\">\n\t\t\t\t\t\t<div class=\"elementor-container elementor-column-gap-default\">\n\t\t\t\t\t<div class=\"elementor-column elementor-col-100 elementor-top-column elementor-element elementor-element-f7493ae\" data-id=\"f7493ae\" data-element_type=\"column\">\n\t\t\t<div class=\"elementor-widget-wrap elementor-element-populated\">\n\t\t\t\t\t\t\t\t<div class=\"elementor-element elementor-element-d419554 elementor-widget elementor-widget-image\" data-id=\"d419554\" data-element_type=\"widget\" data-widget_type=\"image.default\">\n\t\t\t\t<div class=\"elementor-widget-container\">\n\t\t\t\t\t\t\t\t\t\t\t\t\t\t\t<img loading=\"lazy\" decoding=\"async\" width=\"737\" height=\"1024\" src=\"https:\/\/www.zsplotiste.cz\/wp-content\/uploads\/2023\/07\/plakat-scaled-737x1024.jpg\" class=\"attachment-large size-large wp-image-1225\" alt=\"\" srcset=\"https:\/\/www.zsplotiste.cz\/wp-content\/uploads\/2023\/07\/plakat-scaled-737x1024.jpg 737w, https:\/\/www.zsplotiste.cz\/wp-content\/uploads\/2023\/07\/plakat-scaled-216x300.jpg 216w, https:\/\/www.zsplotiste.cz\/wp-content\/uploads\/2023\/07\/plakat-scaled-1105x1536.jpg 1105w, https:\/\/www.zsplotiste.cz\/wp-content\/uploads\/2023\/07\/plakat-scaled-1474x2048.jpg 1474w, https:\/\/www.zsplotiste.cz\/wp-content\/uploads\/2023\/07\/plakat-scaled-108x150.jpg 108w, https:\/\/www.zsplotiste.cz\/wp-content\/uploads\/2023\/07\/plakat-scaled.jpg 1842w\" sizes=\"(max-width: 737px) 100vw, 737px\" \/>\t\t\t\t\t\t\t\t\t\t\t\t\t\t\t<\/div>\n\t\t\t\t<\/div>\n\t\t\t\t\t<\/div>\n\t\t<\/div>\n\t\t\t\t\t\t\t<\/div>\n\t\t<\/section>\n\t\t\t\t<section class=\"elementor-section elementor-top-section elementor-element elementor-element-69ecd30 elementor-section-boxed elementor-section-height-default elementor-section-height-default\" data-id=\"69ecd30\" data-element_type=\"section\">\n\t\t\t\t\t\t<div class=\"elementor-container elementor-column-gap-default\">\n\t\t\t\t\t<div class=\"elementor-column elementor-col-100 elementor-top-column elementor-element elementor-element-6938119\" data-id=\"6938119\" data-element_type=\"column\">\n\t\t\t<div class=\"elementor-widget-wrap elementor-element-populated\">\n\t\t\t\t\t\t\t\t\t<\/div>\n\t\t<\/div>\n\t\t\t\t\t\t\t<\/div>\n\t\t<\/section>\n\t\t\t\t\t\t\t<\/div>\n\t\t","protected":false},"excerpt":{"rendered":"<p>\u0160ABLONY III \u2013 ZV\u00dd\u0160EN\u00cd A ZLEP\u0160EN\u00cd KVALITY V\u00ddUKY NA Z\u0160 A M\u0160 PLOTI\u0160T\u011a HK Stru\u010dn\u00fd popis:Projekt se zam\u011b\u0159uje na person\u00e1ln\u00ed podporu, profesn\u00ed a osobnostn\u00ed rozvoj pracovn\u00edk\u016f ve vzd\u011bl\u00e1v\u00e1n\u00ed, podporu vzd\u011bl\u00e1v\u00e1n\u00ed d\u011bt\u00ed, \u017e\u00e1k\u016f a \u00fa\u010dastn\u00edk\u016f z\u00e1jmov\u00e9ho vzd\u011bl\u00e1v\u00e1n\u00ed a\u00a0poskytov\u00e1n\u00ed dou\u010dov\u00e1n\u00ed\u00a0\u017e\u00e1k\u016f ohro\u017een\u00fdch \u0161koln\u00edm ne\u00fasp\u011bchem. C\u00edl:C\u00edlem projektu je podpo\u0159it&nbsp;<a href=\"https:\/\/www.zsplotiste.cz\/?page_id=569\">&hellip;<\/a><\/p>\n","protected":false},"author":1,"featured_media":0,"parent":0,"menu_order":0,"comment_status":"closed","ping_status":"closed","template":"","meta":{"footnotes":""},"class_list":["post-569","page","type-page","status-publish","hentry","odd"],"_links":{"self":[{"href":"https:\/\/www.zsplotiste.cz\/index.php?rest_route=\/wp\/v2\/pages\/569","targetHints":{"allow":["GET"]}}],"collection":[{"href":"https:\/\/www.zsplotiste.cz\/index.php?rest_route=\/wp\/v2\/pages"}],"about":[{"href":"https:\/\/www.zsplotiste.cz\/index.php?rest_route=\/wp\/v2\/types\/page"}],"author":[{"embeddable":true,"href":"https:\/\/www.zsplotiste.cz\/index.php?rest_route=\/wp\/v2\/users\/1"}],"replies":[{"embeddable":true,"href":"https:\/\/www.zsplotiste.cz\/index.php?rest_route=%2Fwp%2Fv2%2Fcomments&post=569"}],"version-history":[{"count":7,"href":"https:\/\/www.zsplotiste.cz\/index.php?rest_route=\/wp\/v2\/pages\/569\/revisions"}],"predecessor-version":[{"id":7663,"href":"https:\/\/www.zsplotiste.cz\/index.php?rest_route=\/wp\/v2\/pages\/569\/revisions\/7663"}],"wp:attachment":[{"href":"https:\/\/www.zsplotiste.cz\/index.php?rest_route=%2Fwp%2Fv2%2Fmedia&parent=569"}],"curies":[{"name":"wp","href":"https:\/\/api.w.org\/{rel}","templated":true}]}}