{"id":7946,"date":"2025-04-10T13:04:38","date_gmt":"2025-04-10T12:04:38","guid":{"rendered":"https:\/\/www.zsplotiste.cz\/?page_id=7946"},"modified":"2025-04-10T13:06:40","modified_gmt":"2025-04-10T12:06:40","slug":"fakultni-skola-uhk-2","status":"publish","type":"page","link":"https:\/\/www.zsplotiste.cz\/?page_id=7946","title":{"rendered":"Vnit\u0159n\u00ed oznamovac\u00ed syst\u00e9m"},"content":{"rendered":"\t\t<div data-elementor-type=\"wp-page\" data-elementor-id=\"7946\" class=\"elementor elementor-7946\">\n\t\t\t\t\t\t\t\t\t<section class=\"elementor-section elementor-top-section elementor-element elementor-element-e17bbab elementor-section-boxed elementor-section-height-default elementor-section-height-default\" data-id=\"e17bbab\" data-element_type=\"section\">\n\t\t\t\t\t\t<div class=\"elementor-container elementor-column-gap-default\">\n\t\t\t\t\t<div class=\"elementor-column elementor-col-100 elementor-top-column elementor-element elementor-element-12548e8\" data-id=\"12548e8\" data-element_type=\"column\">\n\t\t\t<div class=\"elementor-widget-wrap elementor-element-populated\">\n\t\t\t\t\t\t\t\t<div class=\"elementor-element elementor-element-f988032 elementor-widget elementor-widget-heading\" data-id=\"f988032\" data-element_type=\"widget\" data-widget_type=\"heading.default\">\n\t\t\t\t<div class=\"elementor-widget-container\">\n\t\t\t<h2 class=\"elementor-heading-title elementor-size-default\"><span style=\"color: rgb(124, 124, 124); font-family: Roboto; font-size: 16px; white-space-collapse: collapse;\"><span style=\"font-family: Calibri, sans-serif;\">Vnit\u0159n\u00ed oznamovac\u00ed syst\u00e9m<\/span><\/span><\/h2>\t\t<\/div>\n\t\t\t\t<\/div>\n\t\t\t\t<div class=\"elementor-element elementor-element-7b7f35f elementor-widget elementor-widget-text-editor\" data-id=\"7b7f35f\" data-element_type=\"widget\" data-widget_type=\"text-editor.default\">\n\t\t\t\t<div class=\"elementor-widget-container\">\n\t\t\t\t\t\t\t<p><br><\/p><p><b><span style=\"font-family:&quot;Calibri&quot;,sans-serif\">&nbsp;<\/span><\/b><\/p><p><span style=\"font-family:&quot;Calibri&quot;,sans-serif\">V souladu se\nz\u00e1konem \u010d. 171\/2023 Sb., o ochran\u011b oznamovatel\u016f, ze dne 2. \u010dervna 2023 (d\u00e1le\njen \u201ez\u00e1kon\u201c), zavedla Masarykova Z\u00e1kladn\u00ed \u0161kola a Mate\u0159sk\u00e1 \u0161kola, Hradec Kr\u00e1lov\u00e9\n&#8211; Ploti\u0161t\u011b vnit\u0159n\u00ed oznamovac\u00ed syst\u00e9m ur\u010den\u00fd zam\u011bstnanc\u016fm \u0161koly a ostatn\u00edm\nfyzick\u00fdm osob\u00e1m, kter\u00e9 se v souvislosti s prac\u00ed nebo jinou obdobnou \u010dinnost\u00ed\ndozv\u011bd\u011bli o protipr\u00e1vn\u00edm jedn\u00e1n\u00ed.<br>\n<br>\nToto protipr\u00e1vn\u00ed jedn\u00e1n\u00ed vykazuje znaky trestn\u00e9ho \u010dinu nebo p\u0159estupku, za kter\u00fd\nz\u00e1kon stanov\u00ed sazbu pokuty, jej\u00ed\u017e horn\u00ed hranice je alespo\u0148 100 000 K\u010d, poru\u0161uje\nz\u00e1kon o ochran\u011b oznamovatel\u016f nebo pr\u00e1vn\u00ed p\u0159edpis spadaj\u00edc\u00ed do jedn\u00e9 z oblast\u00ed\nvymezen\u00fdch Sm\u011brnic\u00ed (EU).<br>\n<br>\nOsobou pov\u011b\u0159enou p\u0159ij\u00edm\u00e1n\u00edm a vy\u0159izov\u00e1n\u00edm pod\u00e1n\u00ed je Mgr. Michaela C\u00edrkvov\u00e1.<br>\n<br>\nMo\u017enosti pod\u00e1n\u00ed ozn\u00e1men\u00ed:<o:p><\/o:p><\/span><\/p><p style=\"margin-top:3.6pt;margin-right:0cm;margin-bottom:7.2pt;margin-left:\n36.0pt;text-indent:-18.0pt;line-height:15.75pt;mso-list:l0 level1 lfo1;\ntab-stops:list 36.0pt;background:white\"><!--[if !supportLists]--><span style=\"font-size:10.0pt;mso-bidi-font-size:12.0pt;font-family:Symbol;\nmso-fareast-font-family:Symbol;mso-bidi-font-family:Symbol\">\u00b7<span style=\"font-variant-numeric: normal; font-variant-east-asian: normal; font-variant-alternates: normal; font-size-adjust: none; font-kerning: auto; font-optical-sizing: auto; font-feature-settings: normal; font-variation-settings: normal; font-variant-position: normal; font-variant-emoji: normal; font-stretch: normal; font-size: 7pt; line-height: normal; font-family: &quot;Times New Roman&quot;;\">&nbsp;&nbsp;&nbsp;&nbsp;&nbsp;&nbsp;&nbsp;&nbsp;\n<\/span><\/span><!--[endif]--><span style=\"font-family:&quot;Calibri&quot;,sans-serif;\nmso-fareast-font-family:Aptos;mso-fareast-theme-font:minor-latin;color:black;\nmso-color-alt:windowtext;mso-fareast-language:EN-US\">e-mailem<\/span><span style=\"font-family:&quot;Calibri&quot;,sans-serif;color:black;mso-color-alt:windowtext\">:&nbsp;<\/span><span style=\"color:black;mso-color-alt:windowtext\"><span style=\"font-family:&quot;Calibri&quot;,sans-serif;\nmso-fareast-font-family:&quot;Times New Roman&quot;;mso-fareast-theme-font:major-fareast\">mcirkvova@zsplotiste.cz<\/span><\/span><\/p><p style=\"margin-top:3.6pt;margin-right:0cm;margin-bottom:7.2pt;margin-left:\n36.0pt;text-indent:-18.0pt;line-height:15.75pt;mso-list:l0 level1 lfo1;\ntab-stops:list 36.0pt;background:white\"><!--[if !supportLists]--><span style=\"font-size:10.0pt;mso-bidi-font-size:12.0pt;font-family:Symbol;\nmso-fareast-font-family:Symbol;mso-bidi-font-family:Symbol\">\u00b7<span style=\"font-variant-numeric: normal; font-variant-east-asian: normal; font-variant-alternates: normal; font-size-adjust: none; font-kerning: auto; font-optical-sizing: auto; font-feature-settings: normal; font-variation-settings: normal; font-variant-position: normal; font-variant-emoji: normal; font-stretch: normal; font-size: 7pt; line-height: normal; font-family: &quot;Times New Roman&quot;;\">&nbsp;&nbsp;&nbsp;&nbsp;&nbsp;&nbsp;&nbsp;&nbsp;\n<\/span><\/span><!--[endif]--><span style=\"font-family:&quot;Calibri&quot;,sans-serif;\ncolor:black;mso-color-alt:windowtext\">telefonicky: +420 495 211&nbsp;736.<\/span><span style=\"font-family:&quot;Calibri&quot;,sans-serif\"><o:p><\/o:p><\/span><\/p><p><span style=\"font-family:&quot;Calibri&quot;,sans-serif\">&nbsp;<\/span><\/p><p>\n\n\n\n\n\n\n\n\n\n\n\n<\/p><p><span style=\"font-family:&quot;Calibri&quot;,sans-serif\">&nbsp;<\/span><\/p>\t\t\t\t\t\t<\/div>\n\t\t\t\t<\/div>\n\t\t\t\t\t<\/div>\n\t\t<\/div>\n\t\t\t\t\t\t\t<\/div>\n\t\t<\/section>\n\t\t\t\t<section class=\"elementor-section elementor-top-section elementor-element elementor-element-714f31d elementor-section-boxed elementor-section-height-default elementor-section-height-default\" data-id=\"714f31d\" data-element_type=\"section\">\n\t\t\t\t\t\t<div class=\"elementor-container elementor-column-gap-default\">\n\t\t\t\t\t<div class=\"elementor-column elementor-col-100 elementor-top-column elementor-element elementor-element-27dc9b6\" data-id=\"27dc9b6\" data-element_type=\"column\">\n\t\t\t<div class=\"elementor-widget-wrap elementor-element-populated\">\n\t\t\t\t\t\t\t\t<div class=\"elementor-element elementor-element-83495c2 elementor-widget elementor-widget-text-editor\" data-id=\"83495c2\" data-element_type=\"widget\" data-widget_type=\"text-editor.default\">\n\t\t\t\t<div class=\"elementor-widget-container\">\n\t\t\t\t\t\t\t\t\t\t\t\t\t<\/div>\n\t\t\t\t<\/div>\n\t\t\t\t\t<\/div>\n\t\t<\/div>\n\t\t\t\t\t\t\t<\/div>\n\t\t<\/section>\n\t\t\t\t<section class=\"elementor-section elementor-top-section elementor-element elementor-element-1eccaf2 elementor-section-boxed elementor-section-height-default elementor-section-height-default\" data-id=\"1eccaf2\" data-element_type=\"section\">\n\t\t\t\t\t\t<div class=\"elementor-container elementor-column-gap-default\">\n\t\t\t\t\t<div class=\"elementor-column elementor-col-100 elementor-top-column elementor-element elementor-element-6e89160\" data-id=\"6e89160\" data-element_type=\"column\">\n\t\t\t<div class=\"elementor-widget-wrap\">\n\t\t\t\t\t\t\t\t\t<\/div>\n\t\t<\/div>\n\t\t\t\t\t\t\t<\/div>\n\t\t<\/section>\n\t\t\t\t\t\t\t<\/div>\n\t\t","protected":false},"excerpt":{"rendered":"<p>Vnit\u0159n\u00ed oznamovac\u00ed syst\u00e9m &nbsp; V souladu se z\u00e1konem \u010d. 171\/2023 Sb., o ochran\u011b oznamovatel\u016f, ze dne 2. \u010dervna 2023 (d\u00e1le jen \u201ez\u00e1kon\u201c), zavedla Masarykova Z\u00e1kladn\u00ed \u0161kola a Mate\u0159sk\u00e1 \u0161kola, Hradec Kr\u00e1lov\u00e9 &#8211; Ploti\u0161t\u011b vnit\u0159n\u00ed oznamovac\u00ed syst\u00e9m ur\u010den\u00fd zam\u011bstnanc\u016fm \u0161koly a ostatn\u00edm fyzick\u00fdm osob\u00e1m, kter\u00e9 se&nbsp;<a href=\"https:\/\/www.zsplotiste.cz\/?page_id=7946\">&hellip;<\/a><\/p>\n","protected":false},"author":5,"featured_media":0,"parent":0,"menu_order":0,"comment_status":"closed","ping_status":"closed","template":"","meta":{"footnotes":""},"class_list":["post-7946","page","type-page","status-publish","hentry","odd"],"_links":{"self":[{"href":"https:\/\/www.zsplotiste.cz\/index.php?rest_route=\/wp\/v2\/pages\/7946","targetHints":{"allow":["GET"]}}],"collection":[{"href":"https:\/\/www.zsplotiste.cz\/index.php?rest_route=\/wp\/v2\/pages"}],"about":[{"href":"https:\/\/www.zsplotiste.cz\/index.php?rest_route=\/wp\/v2\/types\/page"}],"author":[{"embeddable":true,"href":"https:\/\/www.zsplotiste.cz\/index.php?rest_route=\/wp\/v2\/users\/5"}],"replies":[{"embeddable":true,"href":"https:\/\/www.zsplotiste.cz\/index.php?rest_route=%2Fwp%2Fv2%2Fcomments&post=7946"}],"version-history":[{"count":4,"href":"https:\/\/www.zsplotiste.cz\/index.php?rest_route=\/wp\/v2\/pages\/7946\/revisions"}],"predecessor-version":[{"id":7950,"href":"https:\/\/www.zsplotiste.cz\/index.php?rest_route=\/wp\/v2\/pages\/7946\/revisions\/7950"}],"wp:attachment":[{"href":"https:\/\/www.zsplotiste.cz\/index.php?rest_route=%2Fwp%2Fv2%2Fmedia&parent=7946"}],"curies":[{"name":"wp","href":"https:\/\/api.w.org\/{rel}","templated":true}]}}